{"id":379,"date":"2020-12-17T11:24:28","date_gmt":"2020-12-17T11:24:28","guid":{"rendered":"https:\/\/zenhousevietnam.com\/?post_type=product&#038;p=379"},"modified":"2025-02-14T14:45:45","modified_gmt":"2025-02-14T07:45:45","slug":"bun-chay","status":"publish","type":"product","link":"https:\/\/zenhousevietnam.com\/en\/product\/bun-chay\/","title":{"rendered":"B\u00fan chay"},"content":{"rendered":"<p>M\u00f3n chaychay mang \u0111\u1ebfn h\u01b0\u01a1ng v\u1ecb th\u01a1m ngon v\u00e0 \u0111\u1ed9c \u0111\u00e1o, mi\u1ebfng ch\u1ea3 gi\u00f2n v\u00e0 b\u00ean trong m\u1ec1m ng\u1ecdt m\u1ec1m k\u1ebft h\u1ee3p c\u00f9ng n\u01b0\u1edbc m\u1eafm chua ng\u1ecdt v\u00e0 d\u01b0a chua r\u1ea5t b\u1eaft mi\u1ec7ng.<\/p>","protected":false},"excerpt":{"rendered":"<p>M\u00f3n chaychay mang \u0111\u1ebfn h\u01b0\u01a1ng v\u1ecb th\u01a1m ngon v\u00e0 \u0111\u1ed9c \u0111\u00e1o, mi\u1ebfng ch\u1ea3 gi\u00f2n v\u00e0 b\u00ean trong m\u1ec1m ng\u1ecdt m\u1ec1m k\u1ebft h\u1ee3p c\u00f9ng n\u01b0\u1edbc m\u1eafm chua ng\u1ecdt v\u00e0 d\u01b0a chua r\u1ea5t b\u1eaft mi\u1ec7ng.<\/p>","protected":false},"featured_media":207,"comment_status":"open","ping_status":"closed","template":"","meta":[],"product_brand":[],"product_cat":[49],"product_tag":[],"class_list":{"0":"post-379","1":"product","2":"type-product","3":"status-publish","4":"has-post-thumbnail","6":"product_cat-mon-chay-takeaway","8":"first","9":"instock","10":"shipping-taxable","11":"product-type-simple"},"_links":{"self":[{"href":"https:\/\/zenhousevietnam.com\/en\/wp-json\/wp\/v2\/product\/379","targetHints":{"allow":["GET"]}}],"collection":[{"href":"https:\/\/zenhousevietnam.com\/en\/wp-json\/wp\/v2\/product"}],"about":[{"href":"https:\/\/zenhousevietnam.com\/en\/wp-json\/wp\/v2\/types\/product"}],"replies":[{"embeddable":true,"href":"https:\/\/zenhousevietnam.com\/en\/wp-json\/wp\/v2\/comments?post=379"}],"wp:featuredmedia":[{"embeddable":true,"href":"https:\/\/zenhousevietnam.com\/en\/wp-json\/wp\/v2\/media\/207"}],"wp:attachment":[{"href":"https:\/\/zenhousevietnam.com\/en\/wp-json\/wp\/v2\/media?parent=379"}],"wp:term":[{"taxonomy":"product_brand","embeddable":true,"href":"https:\/\/zenhousevietnam.com\/en\/wp-json\/wp\/v2\/product_brand?post=379"},{"taxonomy":"product_cat","embeddable":true,"href":"https:\/\/zenhousevietnam.com\/en\/wp-json\/wp\/v2\/product_cat?post=379"},{"taxonomy":"product_tag","embeddable":true,"href":"https:\/\/zenhousevietnam.com\/en\/wp-json\/wp\/v2\/product_tag?post=379"}],"curies":[{"name":"wp","href":"https:\/\/api.w.org\/{rel}","templated":true}]}}