{"id":2747,"date":"2025-12-01T21:54:39","date_gmt":"2025-12-01T14:54:39","guid":{"rendered":"https:\/\/zenhousevietnam.com\/?post_type=product&#038;p=2747"},"modified":"2025-12-03T17:21:07","modified_gmt":"2025-12-03T10:21:07","slug":"combo-5-quyen-sach-an-chay","status":"publish","type":"product","link":"https:\/\/zenhousevietnam.com\/en\/product\/combo-5-quyen-sach-an-chay\/","title":{"rendered":"Combo 5 quy\u1ec3n S\u00e1ch \u0103n Chay"},"content":{"rendered":"<p><strong>L\u1eddi M\u1edf \u0110\u1ea7u<span style=\"color: #ff0000;\">\u00a0 &#8220;\u0102n Chay Chuy\u1ec3n H\u00f3a Th\u00e2n T\u00e2m&#8221; t\u00e1c gi\u1ea3 Zen Phan<\/span> ( B\u1ebfp tr\u01b0\u1edfng &#8211; ch\u1ee7 nh\u00e0 h\u00e0ng Chay ZenHouse)<\/strong><\/p>\n<p data-start=\"248\" data-end=\"433\">Ch\u00fang ta th\u1eadt h\u1ea1nh ph\u00fac khi \u0111\u01b0\u1ee3c hi\u1ec7n di\u1ec7n trong cu\u1ed9c \u0111\u1eddi n\u00e0y v\u1edbi h\u00ecnh h\u00e0i \u0111\u1eb9p \u0111\u1ebd, v\u1edbi h\u01a1i th\u1edf nhi\u1ec7m m\u00e0u lu\u00e2n chuy\u1ec3n t\u1eebng ph\u00fat gi\u00e2y. H\u00e3y bi\u1ebft \u01a1n v\u00e0 tr\u00e2n qu\u00fd s\u1ef1 s\u1ed1ng di\u1ec7u k\u1ef3 \u1ea5y, b\u1ea1n nh\u00e9!<\/p>\n<p data-start=\"435\" data-end=\"773\">H\u00e3y c\u00f9ng Zen l\u1eadt m\u1edf nh\u1eefng trang s\u00e1ch n\u00e0y, nh\u01b0 m\u1edf ra nh\u1eefng trang \u0111\u1eddi \u0111\u01b0\u1ee3c vi\u1ebft b\u1edfi m\u1ed9t ng\u01b0\u1eddi ch\u1ecb, m\u1ed9t ng\u01b0\u1eddi em, m\u1ed9t b\u1eb1ng h\u1eefu \u2013 m\u1ed9t ng\u01b0\u1eddi \u0111i tr\u01b0\u1edbc \u0111\u00e3 t\u1eebng tr\u1ea3i qua h\u00e0nh tr\u00ecnh \u0111\u1ea7y th\u1eed th\u00e1ch nh\u01b0ng c\u0169ng \u0111\u1ea7y k\u1ef3 di\u1ec7u: t\u1eeb nh\u1eefng ng\u00e0y n\u00f3i l\u1eddi KH\u00d4NG v\u1edbi th\u1ecbt \u0111\u1ed9ng v\u1eadt \u0111\u1ebfn cu\u1ed9c phi\u00eau l\u01b0u \u201cl\u00ean b\u1edd xu\u1ed1ng ru\u1ed9ng\u201d trong vi\u1ec7c \u0103n chay v\u00e0 kinh doanh \u0111\u1ed3 chay.<\/p>\n<p data-start=\"775\" data-end=\"950\">\u0110\u00e2y l\u00e0 h\u00e0nh tr\u00ecnh kh\u00f4ng ch\u1ec9 chuy\u1ec3n h\u00f3a th\u00e2n v\u00e0 t\u00e2m, m\u00e0 c\u00f2n khai m\u1edf nh\u1eefng \u0111i\u1ec1u k\u1ef3 di\u1ec7u xung quanh cu\u1ed9c s\u1ed1ng: t\u1eeb gia \u0111\u00ecnh, b\u1ea1n b\u00e8, c\u1ed9ng s\u1ef1 \u0111\u1ebfn ch\u00ednh ch\u1ea5t l\u01b0\u1ee3ng \u0111\u1eddi s\u1ed1ng n\u1ed9i t\u00e2m.<\/p>\n<p data-start=\"995\" data-end=\"1085\">T\u1ea5t c\u1ea3 \u0111\u1ec1u thay \u0111\u1ed5i t\u1eeb nh\u1eefng b\u1eefa \u0103n kh\u00f4ng c\u00f2n v\u01b0\u1edbng v\u00e0o \u0111au \u0111\u1edbn v\u00e0 chia l\u00eca c\u1ee7a mu\u00f4n lo\u00e0i.<\/p>\n<p data-start=\"1087\" data-end=\"1350\">Khi nghe \u0111\u1ebfn hai ch\u1eef \u201c\u0103n chay\u201d, c\u00f3 th\u1ec3 b\u1ea1n th\u1ea5y xa l\u1ea1 hay ngh\u0129 r\u1eb1ng \u0111\u00f3 l\u00e0 nghi th\u1ee9c mang t\u00ednh t\u00f4n gi\u00e1o. Nh\u01b0ng v\u1edbi Zen, \u0103n chay ch\u1ec9 l\u00e0 m\u1ed9t l\u1ef1a ch\u1ecdn trong \u0103n u\u1ed1ng: m\u1ed9t b\u1eefa \u0103n kh\u00f4ng c\u00f3 th\u1ecbt, kh\u00f4ng mang theo nh\u1eefng n\u1ed7i s\u1ee3 h\u00e3i, ho\u1ea3ng lo\u1ea1n hay \u0111au th\u01b0\u01a1ng c\u1ee7a ch\u00fang sinh.<\/p>\n<p data-start=\"1352\" data-end=\"1795\">Khi ch\u00fang ta ch\u1ecdn \u0111\u01b0a nh\u1eefng th\u1ee9c \u0103n l\u00e0nh v\u00e0o c\u01a1 th\u1ec3, kh\u00f4ng gieo n\u1ed9i k\u1ebft o\u00e1n h\u1eddn, th\u00e2n s\u1ebd nh\u1eb9 nh\u00e0ng v\u00e0 t\u00e2m c\u0169ng s\u1ebd r\u1ed9ng m\u1edf h\u01a1n. V\u1edbi Zen, m\u1ed7i b\u1eefa \u0103n c\u00f2n l\u00e0 m\u1ed9t l\u1eddi nh\u1eafc nh\u1eb9 v\u1ec1 t\u00ecnh th\u01b0\u01a1ng. R\u1ed3i t\u1ef1 nhi\u00ean, t\u1eeb s\u00e2u trong l\u00f2ng, nh\u1eefng l\u00e0n s\u00f3ng t\u1eeb t\u00e2m s\u1ebd kh\u1edfi d\u1eady trong t\u1eebng h\u01a1i th\u1edf, thanh t\u1ecbnh s\u1ebd th\u1ea5m nhu\u1ea7n t\u1eebng t\u1ebf b\u00e0o. V\u00e0 c\u0169ng th\u1eadt t\u1ef1 nhi\u00ean, nh\u1eefng nh\u00e2n duy\u00ean m\u1edbi m\u1ebb, trong l\u00e0nh s\u1ebd t\u00ecm \u0111\u1ebfn \u2013 nh\u01b0 su\u1ed1i n\u1ed1i li\u1ec1n su\u1ed1i, nh\u01b0 m\u00e2y tr\u1eafng g\u1ecdi m\u00e2y tr\u1eafng tr\u1edf v\u1ec1.<\/p>\n<p data-start=\"1797\" data-end=\"2264\">\u0102n chay kh\u00f4ng ch\u1ec9 l\u00e0 ph\u01b0\u01a1ng ti\u1ec7n thanh l\u1ecdc c\u01a1 th\u1ec3, m\u00e0 c\u00f2n l\u00e0 b\u01b0\u1edbc \u0111\u1ea7u ti\u00ean n\u1ed1i k\u1ebft th\u00e2n v\u00e0 t\u00e2m. T\u1eeb \u0111\u00f3, m\u1ed9t chu\u1ed7i h\u00e0nh tr\u00ecnh t\u01b0\u01a1i m\u1edbi s\u1ebd m\u1edf ra, d\u00f9 \u0111\u1ea5t \u0111\u00e1 \u0111i qua nh\u1eefng th\u1eed th\u00e1ch \u0111\u1eddi th\u01b0\u1eddng, v\u1eabn gi\u00fap ta v\u01b0\u1ee3t qua nh\u1eefng d\u00f2ng n\u0103ng l\u01b0\u1ee3ng n\u1eb7ng n\u1ec1, u t\u1ed1i. \u0110\u1ec3 m\u1ed7i ng\u00e0y, m\u1ed7i th\u00e1ng, m\u1ed7i n\u0103m, t\u1ea7ng n\u0103ng l\u01b0\u1ee3ng trong ta l\u1ea1i \u0111\u01b0\u1ee3c n\u00e2ng cao h\u01a1n, \u0111\u1eddi s\u1ed1ng l\u1ea1i \u0111\u1ea7y h\u01a1n \u2013 \u0111\u1eb7c bi\u1ec7t khi quanh ta c\u00f3 nh\u1eefng ng\u01b0\u1eddi \u0111\u1ed3ng h\u00e0nh, nh\u1eefng t\u00e2m h\u1ed3n c\u00f9ng chung m\u1ed9t tr\u01b0\u1eddng n\u0103ng l\u01b0\u1ee3ng nh\u1eb9 nh\u00e0ng v\u00e0 an l\u00e0nh.<\/p>\n<p data-start=\"2266\" data-end=\"2442\">Khi c\u01a1 th\u1ec3 \u0111\u01b0\u1ee3c nu\u00f4i d\u01b0\u1ee1ng b\u1eb1ng rau c\u1ee7 qu\u1ea3, ti\u00eau h\u00f3a s\u1ebd d\u1ec5 d\u00e0ng v\u00e0 kh\u00ed huy\u1ebft c\u0169ng l\u01b0u th\u00f4ng nh\u1eb9 nh\u00e0ng. \u0110\u00f3 l\u00e0 l\u00fd do trong giai \u0111o\u1ea1n \u0111\u1ea7u \u0103n chay, b\u1ea1n th\u01b0\u1eddng c\u1ea3m th\u1ea5y mau \u0111\u00f3i h\u01a1n.<\/p>\n<p data-start=\"2487\" data-end=\"2631\">Khi h\u1ea5p th\u1ee5 th\u1ecbt \u0111\u1ed9ng v\u1eadt, c\u01a1 th\u1ec3 ph\u1ea3i ti\u00eau t\u1ed1n nhi\u1ec1u c\u00f4ng s\u1ee9c h\u01a1n \u0111\u1ec3 chuy\u1ec3n h\u00f3a, khi\u1ebfn n\u1ed9i t\u1ea1ng m\u1ec7t nh\u1ecdc, v\u00e0 th\u00e2n t\u00e2m theo \u0111\u00f3 c\u0169ng n\u1eb7ng n\u1ec1 h\u01a1n.<\/p>\n<p data-start=\"2633\" data-end=\"2873\">Quan tr\u1ecdng h\u01a1n c\u1ea3, qua m\u1ed7i b\u1eefa \u0103n kh\u00f4ng th\u1ecbt, ta d\u1ea7n r\u1eddi xa tr\u01b0\u1eddng n\u0103ng l\u01b0\u1ee3ng s\u00e2n h\u1eadn v\u00e0 \u0111au \u0111\u1edbn c\u1ee7a mu\u00f4n lo\u00e0i. T\u1eebng b\u1eefa, t\u1eebng ng\u00e0y kh\u00f4ng n\u1ed9i k\u1ebft, kh\u00f4ng th\u00f9 h\u1eadn, t\u00e2m h\u1ed3n ta tr\u1edf n\u00ean nh\u1eb9 b\u1eabng, thanh th\u1ea3n v\u00e0 r\u1ed9ng m\u1edf nh\u01b0 c\u00e1nh \u0111\u1ed3ng \u0111\u1ea7y n\u1eafng s\u1edbm.<\/p>\n<p data-start=\"2875\" data-end=\"3152\">Zen hi v\u1ecdng cu\u1ed1n s\u00e1ch n\u00e0y s\u1ebd mang \u0111\u1ebfn cho b\u1ea1n ni\u1ec1m h\u1ee9ng kh\u1edfi v\u00e0 s\u1ef1 v\u1eefng t\u00e2m v\u1edbi l\u1ef1a ch\u1ecdn \u0103n thu\u1ea7n th\u1ef1c v\u1eadt, d\u00f9 l\u00e0 tr\u01b0\u1eddng chay hay b\u1ea5t c\u1ee9 ng\u00e0y n\u00e0o b\u1ea1n mu\u1ed1n. H\u00e3y c\u1ee9 l\u1eafng nghe ch\u00ednh m\u00ecnh, tin v\u00e0o s\u1ef1 d\u1eabn \u0111\u01b0\u1eddng c\u1ee7a v\u1ecb th\u1ea7y b\u00ean trong, v\u00e0 t\u1eadn h\u01b0\u1edfng h\u00e0nh tr\u00ecnh chuy\u1ec3n h\u00f3a c\u1ee7a b\u1ea3n th\u00e2n.<\/p>","protected":false},"excerpt":{"rendered":"<p><span style=\"font-size: 100%;\"><span style=\"color: #ff0000;\"><strong>NXB\/Ph\u00e1t h\u00e0nh:<\/strong><\/span> Nh\u00e0 xu\u1ea5t b\u1ea3n H\u1ed9i Nh\u00e0 V\u0103n<\/span><\/p>\n<p><span style=\"font-size: 100%;\"><strong><span style=\"color: #ff0000;\">T\u00e1c gi\u1ea3<\/span>:<\/strong> Zen Phan ( B\u1ebfp tr\u01b0\u1edfng &#8211; ch\u1ee7 nh\u00e0 h\u00e0ng chay ZenHouse)<\/span><\/p>\n<p><span style=\"font-size: 100%;\"><strong>\u0110\u1eb7t S\u1ed1 L\u01b0\u1ee3ng<\/strong>, xin Nh\u1eafn ho\u1eb7c g\u1ecdi hotline: 0868 960 788<\/span><\/p>","protected":false},"featured_media":2744,"comment_status":"open","ping_status":"closed","template":"","meta":[],"product_brand":[],"product_cat":[555],"product_tag":[],"class_list":{"0":"post-2747","1":"product","2":"type-product","3":"status-publish","4":"has-post-thumbnail","6":"product_cat-sach-an-chay","8":"first","9":"instock","10":"shipping-taxable","11":"purchasable","12":"product-type-simple"},"_links":{"self":[{"href":"https:\/\/zenhousevietnam.com\/en\/wp-json\/wp\/v2\/product\/2747","targetHints":{"allow":["GET"]}}],"collection":[{"href":"https:\/\/zenhousevietnam.com\/en\/wp-json\/wp\/v2\/product"}],"about":[{"href":"https:\/\/zenhousevietnam.com\/en\/wp-json\/wp\/v2\/types\/product"}],"replies":[{"embeddable":true,"href":"https:\/\/zenhousevietnam.com\/en\/wp-json\/wp\/v2\/comments?post=2747"}],"wp:featuredmedia":[{"embeddable":true,"href":"https:\/\/zenhousevietnam.com\/en\/wp-json\/wp\/v2\/media\/2744"}],"wp:attachment":[{"href":"https:\/\/zenhousevietnam.com\/en\/wp-json\/wp\/v2\/media?parent=2747"}],"wp:term":[{"taxonomy":"product_brand","embeddable":true,"href":"https:\/\/zenhousevietnam.com\/en\/wp-json\/wp\/v2\/product_brand?post=2747"},{"taxonomy":"product_cat","embeddable":true,"href":"https:\/\/zenhousevietnam.com\/en\/wp-json\/wp\/v2\/product_cat?post=2747"},{"taxonomy":"product_tag","embeddable":true,"href":"https:\/\/zenhousevietnam.com\/en\/wp-json\/wp\/v2\/product_tag?post=2747"}],"curies":[{"name":"wp","href":"https:\/\/api.w.org\/{rel}","templated":true}]}}