{"id":1246,"date":"2025-01-21T11:31:12","date_gmt":"2025-01-21T04:31:12","guid":{"rendered":"https:\/\/zenhousevietnam.com\/?post_type=product&#038;p=1246"},"modified":"2025-02-28T17:53:55","modified_gmt":"2025-02-28T10:53:55","slug":"mit-kho","status":"publish","type":"product","link":"https:\/\/zenhousevietnam.com\/en\/product\/mit-kho\/","title":{"rendered":"M\u00edt kho"},"content":{"rendered":"<p data-start=\"0\" data-end=\"83\"><strong data-start=\"0\" data-end=\"83\">H\u1ed9p \u0110\u1ed3 Chay Ti\u1ec7n L\u1ee3i &#8211; M\u00edt Kho: S\u1ef1 K\u1ebft H\u1ee3p Ho\u00e0n H\u1ea3o Gi\u1eefa H\u01b0\u01a1ng V\u1ecb V\u00e0 Dinh D\u01b0\u1ee1ng<\/strong><\/p>\n<p data-start=\"85\" data-end=\"610\">Trong th\u1ebf gi\u1edbi \u1ea9m th\u1ef1c hi\u1ec7n \u0111\u1ea1i ng\u00e0y nay, nhu c\u1ea7u t\u00ecm ki\u1ebfm nh\u1eefng m\u00f3n \u0103n v\u1eeba ti\u1ec7n l\u1ee3i, v\u1eeba b\u1ed5 d\u01b0\u1ee1ng v\u00e0 d\u1ec5 d\u00e0ng ch\u1ebf bi\u1ebfn \u0111ang ng\u00e0y c\u00e0ng t\u0103ng cao. N\u1ebfu b\u1ea1n \u0111ang t\u00ecm ki\u1ebfm m\u1ed9t l\u1ef1a ch\u1ecdn m\u00f3n \u0103n chay v\u1eeba ngon mi\u1ec7ng, l\u1ea1i d\u1ec5 d\u00e0ng mang theo trong c\u00e1c b\u1eefa \u0103n nhanh, th\u00ec <strong data-start=\"342\" data-end=\"365\">H\u1ed9p \u0110\u1ed3 Chay M\u00edt Kho<\/strong> ch\u00ednh l\u00e0 gi\u1ea3i ph\u00e1p ho\u00e0n h\u1ea3o cho b\u1ea1n. V\u1edbi gi\u00e1 ch\u1ec9 <strong data-start=\"415\" data-end=\"427\">35,000 \u20ab<\/strong>, h\u1ed9p m\u00edt kho 150g cung c\u1ea5p \u0111\u1ea7y \u0111\u1ee7 ch\u1ea5t dinh d\u01b0\u1ee1ng, kh\u00f4ng ch\u1ec9 \u0111\u00e1p \u1ee9ng nhu c\u1ea7u \u0103n u\u1ed1ng c\u1ee7a ng\u01b0\u1eddi \u0103n chay m\u00e0 c\u00f2n l\u00e0 m\u00f3n \u0103n l\u00fd t\u01b0\u1edfng cho nh\u1eefng ai y\u00eau th\u00edch th\u1ef1c ph\u1ea9m t\u1ef1 nhi\u00ean, l\u00e0nh m\u1ea1nh.<\/p>\n<p data-start=\"85\" data-end=\"610\">\n<h3 data-start=\"612\" data-end=\"667\"><strong data-start=\"616\" data-end=\"667\">M\u00edt Kho &#8211; M\u00f3n \u0102n Chay \u0110\u1ed9c \u0110\u00e1o V\u00e0 \u0110\u1ea7y D\u01b0\u1ee1ng Ch\u1ea5t<\/strong><\/h3>\n<p><img loading=\"lazy\" decoding=\"async\" class=\"wp-image-1806 size-large aligncenter\" src=\"http:\/\/zenhousevietnam.com\/wp-content\/uploads\/2025\/01\/mit-kho-1024x820.webp\" alt=\"\" width=\"1024\" height=\"820\" srcset=\"https:\/\/zenhousevietnam.com\/wp-content\/uploads\/2025\/01\/mit-kho-1024x820.webp 1024w, https:\/\/zenhousevietnam.com\/wp-content\/uploads\/2025\/01\/mit-kho-300x240.webp 300w, https:\/\/zenhousevietnam.com\/wp-content\/uploads\/2025\/01\/mit-kho-768x615.webp 768w, https:\/\/zenhousevietnam.com\/wp-content\/uploads\/2025\/01\/mit-kho-15x12.webp 15w, https:\/\/zenhousevietnam.com\/wp-content\/uploads\/2025\/01\/mit-kho-595x477.webp 595w, https:\/\/zenhousevietnam.com\/wp-content\/uploads\/2025\/01\/mit-kho-png.webp 1351w\" sizes=\"auto, (max-width: 1024px) 100vw, 1024px\" \/><\/p>\n<p data-start=\"669\" data-end=\"1193\">M\u00edt, m\u1ed9t trong nh\u1eefng lo\u1ea1i tr\u00e1i c\u00e2y \u0111\u1eb7c tr\u01b0ng c\u1ee7a v\u00f9ng nhi\u1ec7t \u0111\u1edbi, kh\u00f4ng ch\u1ec9 c\u00f3 h\u01b0\u01a1ng v\u1ecb th\u01a1m ngon m\u00e0 c\u00f2n ch\u1ee9a nhi\u1ec1u d\u01b0\u1ee1ng ch\u1ea5t c\u00f3 l\u1ee3i cho s\u1ee9c kh\u1ecfe. Trong m\u00f3n <strong data-start=\"826\" data-end=\"837\">M\u00edt Kho<\/strong>, m\u00edt t\u01b0\u01a1i \u0111\u01b0\u1ee3c ch\u1ebf bi\u1ebfn tinh t\u1ebf c\u00f9ng v\u1edbi c\u00e1c nguy\u00ean li\u1ec7u t\u1ef1 nhi\u00ean kh\u00e1c, t\u1ea1o n\u00ean m\u1ed9t m\u00f3n \u0103n chay \u0111\u1eadm \u0111\u00e0 h\u01b0\u01a1ng v\u1ecb, d\u1ec5 \u0103n v\u00e0 r\u1ea5t ph\u00f9 h\u1ee3p cho nh\u1eefng ng\u01b0\u1eddi \u0103n ki\u00eang ho\u1eb7c \u0103n chay tr\u01b0\u1eddng. M\u00f3n \u0103n n\u00e0y kh\u00f4ng ch\u1ec9 c\u00f3 th\u1ec3 s\u1eed d\u1ee5ng trong c\u00e1c b\u1eefa \u0103n ch\u00ednh m\u00e0 c\u00f2n th\u00edch h\u1ee3p l\u00e0m m\u00f3n \u0103n nh\u1eb9 trong nh\u1eefng bu\u1ed5i ti\u1ec7c nh\u1ecf hay khi b\u1ea1n c\u1ea7n m\u1ed9t b\u1eefa \u0103n nhanh m\u00e0 v\u1eabn \u0111\u1ea7y \u0111\u1ee7 d\u01b0\u1ee1ng ch\u1ea5t.<\/p>\n<h3 data-start=\"1195\" data-end=\"1231\"><strong data-start=\"1199\" data-end=\"1231\">Th\u00e0nh Ph\u1ea7n Ch\u00ednh C\u1ee7a M\u00edt Kho<\/strong><\/h3>\n<p data-start=\"1233\" data-end=\"1444\">M\u00edt kho kh\u00f4ng ch\u1ec9 ngon m\u00e0 c\u00f2n r\u1ea5t b\u1ed5 d\u01b0\u1ee1ng, \u0111\u01b0\u1ee3c ch\u1ebf bi\u1ebfn t\u1eeb nh\u1eefng nguy\u00ean li\u1ec7u t\u01b0\u01a1i ngon v\u00e0 ho\u00e0n to\u00e0n t\u1ef1 nhi\u00ean, \u0111\u1ea3m b\u1ea3o an to\u00e0n cho s\u1ee9c kh\u1ecfe ng\u01b0\u1eddi ti\u00eau d\u00f9ng. D\u01b0\u1edbi \u0111\u00e2y l\u00e0 nh\u1eefng th\u00e0nh ph\u1ea7n ch\u00ednh trong h\u1ed9p m\u00edt kho:<\/p>\n<ol data-start=\"1446\" data-end=\"3186\">\n<li data-start=\"1446\" data-end=\"1783\">\n<p data-start=\"1449\" data-end=\"1783\"><strong data-start=\"1449\" data-end=\"1461\">M\u00edt T\u01b0\u01a1i<\/strong><br data-start=\"1461\" data-end=\"1464\" \/>M\u00edt l\u00e0 m\u1ed9t lo\u1ea1i tr\u00e1i c\u00e2y r\u1ea5t ph\u1ed5 bi\u1ebfn \u1edf c\u00e1c qu\u1ed1c gia nhi\u1ec7t \u0111\u1edbi, c\u00f3 h\u01b0\u01a1ng v\u1ecb ng\u1ecdt ng\u00e0o v\u00e0 k\u1ebft c\u1ea5u \u0111\u1eb7c bi\u1ec7t. M\u00edt t\u01b0\u01a1i kh\u00f4ng ch\u1ec9 ngon m\u00e0 c\u00f2n r\u1ea5t gi\u00e0u vitamin A, C v\u00e0 c\u00e1c kho\u00e1ng ch\u1ea5t nh\u01b0 kali, s\u1eaft, v\u00e0 canxi. C\u00e1c ch\u1ea5t x\u01a1 trong m\u00edt c\u0169ng r\u1ea5t c\u00f3 l\u1ee3i cho h\u1ec7 ti\u00eau h\u00f3a, gi\u00fap t\u0103ng c\u01b0\u1eddng s\u1ee9c kh\u1ecfe \u0111\u01b0\u1eddng ru\u1ed9t v\u00e0 gi\u1ea3m nguy c\u01a1 t\u00e1o b\u00f3n.<\/p>\n<\/li>\n<li data-start=\"1785\" data-end=\"2019\">\n<p data-start=\"1788\" data-end=\"2019\"><strong data-start=\"1788\" data-end=\"1802\">\u1edat S\u1eebng \u0110\u1ecf<\/strong><br data-start=\"1802\" data-end=\"1805\" \/>\u1edat s\u1eebng \u0111\u1ecf kh\u00f4ng ch\u1ec9 l\u00e0m t\u0103ng h\u01b0\u01a1ng v\u1ecb cho m\u00f3n \u0103n m\u00e0 c\u00f2n cung c\u1ea5p nhi\u1ec1u vitamin C, A v\u00e0 ch\u1ea5t ch\u1ed1ng oxy h\u00f3a. \u1edat c\u0169ng gi\u00fap k\u00edch th\u00edch ti\u00eau h\u00f3a, gi\u1ea3m c\u1ea3m gi\u00e1c \u0111\u1ea7y b\u1ee5ng v\u00e0 th\u00fac \u0111\u1ea9y qu\u00e1 tr\u00ecnh trao \u0111\u1ed5i ch\u1ea5t trong c\u01a1 th\u1ec3.<\/p>\n<\/li>\n<li data-start=\"2021\" data-end=\"2338\">\n<p data-start=\"2024\" data-end=\"2338\"><strong data-start=\"2024\" data-end=\"2035\">Rau R\u0103m<\/strong><br data-start=\"2035\" data-end=\"2038\" \/>Rau r\u0103m l\u00e0 m\u1ed9t lo\u1ea1i rau th\u01a1m ph\u1ed5 bi\u1ebfn trong \u1ea9m th\u1ef1c Vi\u1ec7t Nam, \u0111\u01b0\u1ee3c bi\u1ebft \u0111\u1ebfn v\u1edbi h\u01b0\u01a1ng v\u1ecb \u0111\u1eb7c tr\u01b0ng v\u00e0 c\u00f4ng d\u1ee5ng h\u1ed7 tr\u1ee3 ti\u00eau h\u00f3a. Rau r\u0103m c\u0169ng gi\u00fap l\u00e0m d\u1ecbu c\u01a1n say v\u00e0 t\u0103ng c\u01b0\u1eddng h\u1ec7 mi\u1ec5n d\u1ecbch. Khi k\u1ebft h\u1ee3p v\u1edbi c\u00e1c nguy\u00ean li\u1ec7u kh\u00e1c trong m\u00f3n m\u00edt kho, rau r\u0103m t\u1ea1o n\u00ean m\u1ed9t h\u01b0\u01a1ng v\u1ecb t\u01b0\u01a1i m\u1edbi v\u00e0 r\u1ea5t d\u1ec5 ch\u1ecbu.<\/p>\n<\/li>\n<li data-start=\"2340\" data-end=\"2586\">\n<p data-start=\"2343\" data-end=\"2586\"><strong data-start=\"2343\" data-end=\"2351\">Ti\u00eau<\/strong><br data-start=\"2351\" data-end=\"2354\" \/>Ti\u00eau l\u00e0 gia v\u1ecb kh\u00f4ng th\u1ec3 thi\u1ebfu trong m\u00f3n \u0103n n\u00e0y, gi\u00fap t\u1ea1o s\u1ef1 cay n\u1ed3ng v\u00e0 l\u00e0m t\u0103ng h\u01b0\u01a1ng v\u1ecb \u0111\u1eb7c tr\u01b0ng cho m\u00f3n m\u00edt kho. Ti\u00eau c\u0169ng c\u00f3 nhi\u1ec1u t\u00e1c d\u1ee5ng \u0111\u1ed1i v\u1edbi s\u1ee9c kh\u1ecfe, nh\u01b0 h\u1ed7 tr\u1ee3 ti\u00eau h\u00f3a, gi\u00fap gi\u1ea3m \u0111au nh\u1ee9c v\u00e0 t\u0103ng c\u01b0\u1eddng tu\u1ea7n ho\u00e0n m\u00e1u.<\/p>\n<\/li>\n<li data-start=\"2588\" data-end=\"2803\">\n<p data-start=\"2591\" data-end=\"2803\"><strong data-start=\"2591\" data-end=\"2610\">D\u1ea7u H\u01b0\u1edbng D\u01b0\u01a1ng<\/strong><br data-start=\"2610\" data-end=\"2613\" \/>D\u1ea7u h\u01b0\u1edbng d\u01b0\u01a1ng l\u00e0 m\u1ed9t ngu\u1ed3n cung c\u1ea5p ch\u1ea5t b\u00e9o kh\u00f4ng b\u00e3o h\u00f2a, t\u1ed1t cho s\u1ee9c kh\u1ecfe tim m\u1ea1ch. D\u1ea7u n\u00e0y c\u00f2n ch\u1ee9a vitamin E, gi\u00fap ch\u1ed1ng l\u00e3o h\u00f3a v\u00e0 b\u1ea3o v\u1ec7 t\u1ebf b\u00e0o kh\u1ecfi s\u1ef1 t\u1ed5n th\u01b0\u01a1ng c\u1ee7a c\u00e1c g\u1ed1c t\u1ef1 do.<\/p>\n<\/li>\n<li data-start=\"2805\" data-end=\"2966\">\n<p data-start=\"2808\" data-end=\"2966\"><strong data-start=\"2808\" data-end=\"2816\">H\u00e0nh<\/strong><br data-start=\"2816\" data-end=\"2819\" \/>H\u00e0nh l\u00e0 gia v\u1ecb c\u00f3 t\u00e1c d\u1ee5ng kh\u00e1ng vi\u00eam v\u00e0 kh\u00e1ng khu\u1ea9n. N\u00f3 gi\u00fap t\u0103ng c\u01b0\u1eddng s\u1ee9c \u0111\u1ec1 kh\u00e1ng cho c\u01a1 th\u1ec3, \u0111\u1ed3ng th\u1eddi mang l\u1ea1i h\u01b0\u01a1ng v\u1ecb th\u01a1m ngon cho m\u00f3n \u0103n.<\/p>\n<\/li>\n<li data-start=\"2968\" data-end=\"3186\">\n<p data-start=\"2971\" data-end=\"3186\"><strong data-start=\"2971\" data-end=\"2992\">B\u1ed9t N\u00eam Ng\u01b0u B\u00e1ng<\/strong><br data-start=\"2992\" data-end=\"2995\" \/>B\u1ed9t n\u00eam ng\u01b0u b\u00e1ng l\u00e0 m\u1ed9t lo\u1ea1i gia v\u1ecb gi\u00fap t\u0103ng c\u01b0\u1eddng h\u01b0\u01a1ng v\u1ecb c\u1ee7a m\u00f3n \u0103n m\u00e0 kh\u00f4ng c\u1ea7n ph\u1ea3i d\u00f9ng \u0111\u1ebfn b\u1ed9t ng\u1ecdt hay gia v\u1ecb nh\u00e2n t\u1ea1o. N\u00f3 gi\u00fap m\u00f3n m\u00edt kho tr\u1edf n\u00ean \u0111\u1eadm \u0111\u00e0, d\u1ec5 \u0103n v\u00e0 d\u1ec5 ti\u00eau h\u00f3a h\u01a1n.<\/p>\n<\/li>\n<\/ol>\n<h3 data-start=\"3188\" data-end=\"3215\"><strong data-start=\"3192\" data-end=\"3215\">L\u1ee3i \u00cdch C\u1ee7a M\u00edt Kho<\/strong><\/h3>\n<p data-start=\"3217\" data-end=\"3440\">M\u00edt kho kh\u00f4ng ch\u1ec9 l\u00e0 m\u1ed9t m\u00f3n \u0103n chay ngon mi\u1ec7ng m\u00e0 c\u00f2n mang l\u1ea1i r\u1ea5t nhi\u1ec1u l\u1ee3i \u00edch s\u1ee9c kh\u1ecfe, \u0111\u1eb7c bi\u1ec7t l\u00e0 \u0111\u1ed1i v\u1edbi nh\u1eefng ai \u0111ang t\u00ecm ki\u1ebfm m\u1ed9t ch\u1ebf \u0111\u1ed9 \u0103n l\u00e0nh m\u1ea1nh v\u00e0 b\u1ed5 d\u01b0\u1ee1ng. D\u01b0\u1edbi \u0111\u00e2y l\u00e0 m\u1ed9t s\u1ed1 l\u1ee3i \u00edch n\u1ed5i b\u1eadt c\u1ee7a m\u00f3n m\u00edt kho:<\/p>\n<ol data-start=\"3442\" data-end=\"4713\">\n<li data-start=\"3442\" data-end=\"3669\">\n<p data-start=\"3445\" data-end=\"3669\"><strong data-start=\"3445\" data-end=\"3475\">Gi\u00e0u D\u01b0\u1ee1ng Ch\u1ea5t V\u00e0 Vitamin<\/strong><br data-start=\"3475\" data-end=\"3478\" \/>M\u00edt t\u01b0\u01a1i ch\u1ee9a nhi\u1ec1u vitamin A v\u00e0 C, r\u1ea5t t\u1ed1t cho l\u00e0n da v\u00e0 h\u1ec7 mi\u1ec5n d\u1ecbch. C\u00e1c ch\u1ea5t ch\u1ed1ng oxy h\u00f3a trong m\u00edt c\u0169ng gi\u00fap gi\u1ea3m thi\u1ec3u t\u00e1c \u0111\u1ed9ng c\u1ee7a c\u00e1c g\u1ed1c t\u1ef1 do, b\u1ea3o v\u1ec7 c\u01a1 th\u1ec3 kh\u1ecfi c\u00e1c b\u1ec7nh m\u00e3n t\u00ednh.<\/p>\n<\/li>\n<li data-start=\"3671\" data-end=\"3959\">\n<p data-start=\"3674\" data-end=\"3959\"><strong data-start=\"3674\" data-end=\"3697\">H\u1ed7 Tr\u1ee3 Ti\u00eau H\u00f3a T\u1ed1t<\/strong><br data-start=\"3697\" data-end=\"3700\" \/>M\u00edt l\u00e0 ngu\u1ed3n cung c\u1ea5p ch\u1ea5t x\u01a1 tuy\u1ec7t v\u1eddi, gi\u00fap c\u1ea3i thi\u1ec7n ch\u1ee9c n\u0103ng ti\u00eau h\u00f3a, ng\u0103n ng\u1eeba t\u00e1o b\u00f3n v\u00e0 duy tr\u00ec s\u1ee9c kh\u1ecfe \u0111\u01b0\u1eddng ru\u1ed9t. C\u00e1c gia v\u1ecb nh\u01b0 \u1edbt s\u1eebng \u0111\u1ecf v\u00e0 ti\u00eau trong m\u00f3n m\u00edt kho c\u0169ng gi\u00fap k\u00edch th\u00edch ti\u00eau h\u00f3a, gi\u00fap b\u1ea1n c\u1ea3m th\u1ea5y tho\u1ea3i m\u00e1i v\u00e0 d\u1ec5 ch\u1ecbu sau b\u1eefa \u0103n.<\/p>\n<\/li>\n<li data-start=\"3961\" data-end=\"4224\">\n<p data-start=\"3964\" data-end=\"4224\"><strong data-start=\"3964\" data-end=\"3984\">T\u1ed1t Cho Tim M\u1ea1ch<\/strong><br data-start=\"3984\" data-end=\"3987\" \/>D\u1ea7u h\u01b0\u1edbng d\u01b0\u01a1ng l\u00e0 ngu\u1ed3n cung c\u1ea5p ch\u1ea5t b\u00e9o kh\u00f4ng b\u00e3o h\u00f2a, gi\u00fap gi\u1ea3m m\u1ee9c cholesterol x\u1ea5u trong c\u01a1 th\u1ec3, b\u1ea3o v\u1ec7 s\u1ee9c kh\u1ecfe tim m\u1ea1ch. Th\u00eam v\u00e0o \u0111\u00f3, c\u00e1c kho\u00e1ng ch\u1ea5t trong m\u00edt c\u0169ng g\u00f3p ph\u1ea7n duy tr\u00ec huy\u1ebft \u00e1p \u1ed5n \u0111\u1ecbnh v\u00e0 ng\u0103n ng\u1eeba c\u00e1c b\u1ec7nh tim m\u1ea1ch.<\/p>\n<\/li>\n<li data-start=\"4226\" data-end=\"4445\">\n<p data-start=\"4229\" data-end=\"4445\"><strong data-start=\"4229\" data-end=\"4266\">Cung C\u1ea5p Ngu\u1ed3n N\u0103ng L\u01b0\u1ee3ng D\u1ed3i D\u00e0o<\/strong><br data-start=\"4266\" data-end=\"4269\" \/>M\u00edt ch\u1ee9a carbohydrate t\u1ef1 nhi\u00ean, l\u00e0 ngu\u1ed3n n\u0103ng l\u01b0\u1ee3ng l\u00fd t\u01b0\u1edfng cho c\u01a1 th\u1ec3. M\u00f3n m\u00edt kho kh\u00f4ng ch\u1ec9 gi\u00fap b\u1ea1n c\u1ea3m th\u1ea5y no l\u00e2u m\u00e0 c\u00f2n cung c\u1ea5p n\u0103ng l\u01b0\u1ee3ng cho c\u00e1c ho\u1ea1t \u0111\u1ed9ng trong ng\u00e0y.<\/p>\n<\/li>\n<li data-start=\"4447\" data-end=\"4713\">\n<p data-start=\"4450\" data-end=\"4713\"><strong data-start=\"4450\" data-end=\"4481\">Ch\u1ebf Bi\u1ebfn \u0110\u01a1n Gi\u1ea3n, Ti\u1ec7n L\u1ee3i<\/strong><br data-start=\"4481\" data-end=\"4484\" \/>H\u1ed9p m\u00edt kho 150g \u0111\u01b0\u1ee3c \u0111\u00f3ng g\u00f3i s\u1eb5n, gi\u00fap b\u1ea1n ti\u1ebft ki\u1ec7m th\u1eddi gian ch\u1ebf bi\u1ebfn v\u00e0 d\u1ec5 d\u00e0ng mang theo trong nh\u1eefng b\u1eefa \u0103n nhanh. \u0110\u00e2y l\u00e0 m\u1ed9t l\u1ef1a ch\u1ecdn tuy\u1ec7t v\u1eddi cho nh\u1eefng ng\u01b0\u1eddi b\u1eadn r\u1ed9n nh\u01b0ng v\u1eabn mu\u1ed1n \u0103n u\u1ed1ng l\u00e0nh m\u1ea1nh v\u00e0 \u0111\u1ea7y \u0111\u1ee7 d\u01b0\u1ee1ng ch\u1ea5t.<\/p>\n<\/li>\n<\/ol>\n<h3 data-start=\"4715\" data-end=\"4751\"><strong data-start=\"4719\" data-end=\"4751\">S\u1eed D\u1ee5ng M\u00edt Kho Nh\u01b0 Th\u1ebf N\u00e0o?<\/strong><\/h3>\n<p data-start=\"4753\" data-end=\"5208\">M\u00edt kho c\u00f3 th\u1ec3 \u0111\u01b0\u1ee3c s\u1eed d\u1ee5ng trong nhi\u1ec1u b\u1eefa \u0103n kh\u00e1c nhau. B\u1ea1n c\u00f3 th\u1ec3 \u0103n tr\u1ef1c ti\u1ebfp ho\u1eb7c k\u1ebft h\u1ee3p v\u1edbi c\u01a1m, b\u00e1nh m\u00ec, ho\u1eb7c d\u00f9ng l\u00e0m m\u00f3n \u0103n ph\u1ee5 trong c\u00e1c b\u1eefa ti\u1ec7c. \u0110\u1eb7c bi\u1ec7t, v\u1edbi h\u01b0\u01a1ng v\u1ecb \u0111\u1eadm \u0111\u00e0 v\u00e0 d\u1ec5 \u0103n, m\u00edt kho c\u0169ng c\u00f3 th\u1ec3 l\u00e0 m\u00f3n \u0103n l\u00fd t\u01b0\u1edfng trong c\u00e1c b\u1eefa \u0103n chay, gi\u00fap b\u1ea1n c\u1ea3m th\u1ea5y no l\u00e2u v\u00e0 cung c\u1ea5p \u0111\u1ee7 n\u0103ng l\u01b0\u1ee3ng cho c\u01a1 th\u1ec3. D\u00f9 l\u00e0 b\u1eefa \u0103n nhanh hay b\u1eefa ti\u1ec7c l\u1edbn, m\u00f3n m\u00edt kho \u0111\u1ec1u l\u00e0 s\u1ef1 l\u1ef1a ch\u1ecdn ho\u00e0n h\u1ea3o cho nh\u1eefng ai y\u00eau th\u00edch th\u1ef1c ph\u1ea9m t\u1ef1 nhi\u00ean v\u00e0 l\u00e0nh m\u1ea1nh.<\/p>\n<h3 data-start=\"5210\" data-end=\"5226\"><strong data-start=\"5214\" data-end=\"5226\">K\u1ebft Lu\u1eadn<\/strong><\/h3>\n<p data-start=\"5228\" data-end=\"5735\" data-is-last-node=\"\" data-is-only-node=\"\"><strong data-start=\"5228\" data-end=\"5251\">H\u1ed9p \u0110\u1ed3 Chay M\u00edt Kho<\/strong> l\u00e0 s\u1ef1 k\u1ebft h\u1ee3p ho\u00e0n h\u1ea3o gi\u1eefa h\u01b0\u01a1ng v\u1ecb th\u01a1m ngon v\u00e0 gi\u00e1 tr\u1ecb dinh d\u01b0\u1ee1ng tuy\u1ec7t v\u1eddi. V\u1edbi th\u00e0nh ph\u1ea7n ho\u00e0n to\u00e0n t\u1ef1 nhi\u00ean, m\u00f3n \u0103n n\u00e0y kh\u00f4ng ch\u1ec9 gi\u00fap b\u1ea1n duy tr\u00ec s\u1ee9c kh\u1ecfe m\u00e0 c\u00f2n l\u00e0 s\u1ef1 l\u1ef1a ch\u1ecdn l\u00fd t\u01b0\u1edfng cho nh\u1eefng ai \u0103n chay ho\u1eb7c y\u00eau th\u00edch th\u1ef1c ph\u1ea9m t\u1ef1 nhi\u00ean. Gi\u00e1 ch\u1ec9 <strong data-start=\"5509\" data-end=\"5521\">35,000 \u20ab<\/strong> cho h\u1ed9p 150g, m\u00f3n m\u00edt kho n\u00e0y l\u00e0 l\u1ef1a ch\u1ecdn ti\u1ec7n l\u1ee3i v\u00e0 \u0111\u1ea7y \u0111\u1ee7 d\u01b0\u1ee1ng ch\u1ea5t cho nh\u1eefng ng\u01b0\u1eddi b\u1eadn r\u1ed9n. H\u00e3y th\u1eed ngay m\u00f3n m\u00edt kho \u0111\u1ec3 tr\u1ea3i nghi\u1ec7m h\u01b0\u01a1ng v\u1ecb tuy\u1ec7t v\u1eddi v\u00e0 nh\u1eadn v\u1ec1 nh\u1eefng l\u1ee3i \u00edch s\u1ee9c kh\u1ecfe m\u00e0 m\u00f3n \u0103n n\u00e0y mang l\u1ea1i.<\/p>\n<p data-start=\"5228\" data-end=\"5735\" data-is-last-node=\"\" data-is-only-node=\"\"><em><strong>B\u00e1o tu\u1ed5i tr\u1ebb n\u00f3i v\u1ec1\u00a0<a href=\"https:\/\/tuoitre.vn\/dam-cuoi-doc-la-300-khach-moi-duoc-dai-tiec-chay-ai-cung-khen-ngon-20240801212258956.htm\" target=\"_blank\" rel=\"noopener\">nh\u00e0 h\u00e0ng t\u1ed5 ch\u1ee9c ti\u1ec7c c\u01b0\u1edbi chay<\/a>\u00a0ZenHouse t\u1ed5 ch\u1ee9c t\u1ea1i nh\u00e0 v\u1edbi ch\u1ee7 \u0111\u1ec1\u00a0 \u201c\u0110\u00e1m c\u01b0\u1edbi \u0111\u1ed9c l\u1ea1 300 kh\u00e1ch m\u1eddi \u0111\u01b0\u1ee3c \u0111\u00e3i ti\u1ec7c chay, ai c\u0169ng khen ngon\u201d<\/strong><\/em><\/p>","protected":false},"excerpt":{"rendered":"<p><strong>Kh\u1ed1i l\u01b0\u1ee3ng t\u1ecbnh:<\/strong> 150g<\/p>\n<p><strong>\u0110\u01a1n v\u1ecb t\u00ednh:<\/strong> H\u1ed9p<\/p>\n<p><strong>Th\u00e0nh ph\u1ea7n:<\/strong> M\u00edt t\u01b0\u01a1i, \u1edbt s\u1eebng \u0111\u1ecf, rau r\u0103m, ti\u00eau, d\u1ea7u h\u01b0\u1edbng d\u01b0\u01a1ng, h\u00e0nh, b\u1ed9t n\u00eam ng\u01b0u b\u00e1ng.<\/p>","protected":false},"featured_media":1463,"comment_status":"open","ping_status":"closed","template":"","meta":[],"product_brand":[],"product_cat":[37],"product_tag":[],"class_list":{"0":"post-1246","1":"product","2":"type-product","3":"status-publish","4":"has-post-thumbnail","6":"product_cat-san-pham","8":"first","9":"instock","10":"shipping-taxable","11":"purchasable","12":"product-type-simple"},"_links":{"self":[{"href":"https:\/\/zenhousevietnam.com\/en\/wp-json\/wp\/v2\/product\/1246","targetHints":{"allow":["GET"]}}],"collection":[{"href":"https:\/\/zenhousevietnam.com\/en\/wp-json\/wp\/v2\/product"}],"about":[{"href":"https:\/\/zenhousevietnam.com\/en\/wp-json\/wp\/v2\/types\/product"}],"replies":[{"embeddable":true,"href":"https:\/\/zenhousevietnam.com\/en\/wp-json\/wp\/v2\/comments?post=1246"}],"wp:featuredmedia":[{"embeddable":true,"href":"https:\/\/zenhousevietnam.com\/en\/wp-json\/wp\/v2\/media\/1463"}],"wp:attachment":[{"href":"https:\/\/zenhousevietnam.com\/en\/wp-json\/wp\/v2\/media?parent=1246"}],"wp:term":[{"taxonomy":"product_brand","embeddable":true,"href":"https:\/\/zenhousevietnam.com\/en\/wp-json\/wp\/v2\/product_brand?post=1246"},{"taxonomy":"product_cat","embeddable":true,"href":"https:\/\/zenhousevietnam.com\/en\/wp-json\/wp\/v2\/product_cat?post=1246"},{"taxonomy":"product_tag","embeddable":true,"href":"https:\/\/zenhousevietnam.com\/en\/wp-json\/wp\/v2\/product_tag?post=1246"}],"curies":[{"name":"wp","href":"https:\/\/api.w.org\/{rel}","templated":true}]}}