{"id":1244,"date":"2025-01-21T11:30:25","date_gmt":"2025-01-21T04:30:25","guid":{"rendered":"https:\/\/zenhousevietnam.com\/?post_type=product&#038;p=1244"},"modified":"2025-03-06T15:07:19","modified_gmt":"2025-03-06T08:07:19","slug":"chuoi-om","status":"publish","type":"product","link":"https:\/\/zenhousevietnam.com\/en\/product\/chuoi-om\/","title":{"rendered":"Chu\u1ed1i om"},"content":{"rendered":"<h1><a href=\"https:\/\/zenhousevietnam.com\/en\/product\/chuoi-om\/\"><strong data-start=\"0\" data-end=\"93\">H\u1ed9p \u0110\u1ed3 Chay Ti\u1ec7n L\u1ee3i \u201cChu\u1ed1i Om\u201d: M\u00f3n \u0103n chay dinh d\u01b0\u1ee1ng, thanh \u0111\u1ea1m\u00a0<\/strong><\/a><\/h1>\n<h4 data-start=\"95\" data-end=\"706\">Trong nh\u1ecbp s\u1ed1ng b\u1eadn r\u1ed9n ng\u00e0y nay, vi\u1ec7c duy tr\u00ec m\u1ed9t ch\u1ebf \u0111\u1ed9 \u0103n u\u1ed1ng l\u00e0nh m\u1ea1nh v\u00e0 \u0111\u1ea7y \u0111\u1ee7 dinh d\u01b0\u1ee1ng \u0111\u00e3 tr\u1edf th\u00e0nh \u01b0u ti\u00ean h\u00e0ng \u0111\u1ea7u c\u1ee7a nhi\u1ec1u ng\u01b0\u1eddi. Tuy nhi\u00ean, v\u1edbi qu\u1ef9 th\u1eddi gian h\u1ea1n ch\u1ebf, vi\u1ec7c ch\u1ebf bi\u1ebfn c\u00e1c b\u1eefa \u0103n \u0111\u00fang c\u00e1ch v\u00e0 \u0111\u1ea7y \u0111\u1ee7 d\u01b0\u1ee1ng ch\u1ea5t c\u00f3 th\u1ec3 tr\u1edf th\u00e0nh m\u1ed9t th\u00e1ch th\u1ee9c. \u0110\u1eb7c bi\u1ec7t \u0111\u1ed1i v\u1edbi nh\u1eefng ng\u01b0\u1eddi \u0103n chay ho\u1eb7c \u0111ang theo ch\u1ebf \u0111\u1ed9 \u0103n ki\u00eang, vi\u1ec7c t\u00ecm ki\u1ebfm m\u1ed9t b\u1eefa \u0103n v\u1eeba ngon mi\u1ec7ng, v\u1eeba nhanh ch\u00f3ng v\u00e0 ti\u1ec7n l\u1ee3i l\u00e0 \u0111i\u1ec1u c\u1ea7n thi\u1ebft. V\u00e0 ch\u00ednh v\u00ec l\u00fd do n\u00e0y, <strong data-start=\"546\" data-end=\"581\">h\u1ed9p \u0111\u1ed3 chay ti\u1ec7n l\u1ee3i \u201cChu\u1ed1i Om\u201d<\/strong> t\u1eeb ZenHouse \u0111\u00e3 ra \u0111\u1eddi nh\u01b0 m\u1ed9t gi\u1ea3i ph\u00e1p ho\u00e0n h\u1ea3o, \u0111\u00e1p \u1ee9ng nhu c\u1ea7u c\u1ee7a nh\u1eefng ng\u01b0\u1eddi y\u00eau th\u00edch th\u1ef1c ph\u1ea9m l\u00e0nh m\u1ea1nh v\u00e0 ti\u1ec7n l\u1ee3i.<\/h4>\n<p data-start=\"95\" data-end=\"706\"><img loading=\"lazy\" decoding=\"async\" class=\"wp-image-1842 size-full aligncenter\" src=\"http:\/\/zenhousevietnam.com\/wp-content\/uploads\/2025\/01\/chuoi-om-do-hop-chay-png.webp\" alt=\"\" width=\"846\" height=\"676\" srcset=\"https:\/\/zenhousevietnam.com\/wp-content\/uploads\/2025\/01\/chuoi-om-do-hop-chay-png.webp 846w, https:\/\/zenhousevietnam.com\/wp-content\/uploads\/2025\/01\/chuoi-om-do-hop-chay-300x240.webp 300w, https:\/\/zenhousevietnam.com\/wp-content\/uploads\/2025\/01\/chuoi-om-do-hop-chay-768x614.webp 768w, https:\/\/zenhousevietnam.com\/wp-content\/uploads\/2025\/01\/chuoi-om-do-hop-chay-15x12.webp 15w, https:\/\/zenhousevietnam.com\/wp-content\/uploads\/2025\/01\/chuoi-om-do-hop-chay-595x475.webp 595w\" sizes=\"auto, (max-width: 846px) 100vw, 846px\" \/><\/p>\n<p data-start=\"708\" data-end=\"1069\">V\u1edbi gi\u00e1 ch\u1ec9 <strong data-start=\"720\" data-end=\"732\">34,000 \u20ab<\/strong> cho kh\u1ed1i l\u01b0\u1ee3ng t\u1ecbnh <strong data-start=\"753\" data-end=\"761\">150g<\/strong>, h\u1ed9p <strong data-start=\"767\" data-end=\"781\">\u201cChu\u1ed1i Om\u201d<\/strong> kh\u00f4ng ch\u1ec9 l\u00e0 m\u00f3n \u0103n nhanh ch\u00f3ng m\u00e0 c\u00f2n \u0111\u1ea7y \u0111\u1ee7 d\u01b0\u1ee1ng ch\u1ea5t, th\u00edch h\u1ee3p cho nh\u1eefng ai t\u00ecm ki\u1ebfm m\u1ed9t b\u1eefa \u0103n chay b\u1ed5 d\u01b0\u1ee1ng v\u00e0 d\u1ec5 d\u00e0ng s\u1eed d\u1ee5ng trong m\u1ecdi t\u00ecnh hu\u1ed1ng. S\u1ea3n ph\u1ea9m n\u00e0y mang \u0111\u1ebfn cho b\u1ea1n m\u1ed9t tr\u1ea3i nghi\u1ec7m \u1ea9m th\u1ef1c \u0111\u1ea7y h\u01b0\u01a1ng v\u1ecb, v\u1edbi s\u1ef1 k\u1ebft h\u1ee3p c\u1ee7a nhi\u1ec1u nguy\u00ean li\u1ec7u t\u1ef1 nhi\u00ean t\u1ed1t cho s\u1ee9c kh\u1ecfe.<\/p>\n<h3 data-start=\"1071\" data-end=\"1116\"><span style=\"color: #ed1c24;\"><strong data-start=\"1075\" data-end=\"1116\">Th\u00e0nh Ph\u1ea7n C\u1ee7a H\u1ed9p \u0110\u1ed3 Chay \u201cChu\u1ed1i Om\u201d<\/strong><\/span><\/h3>\n<p data-start=\"1118\" data-end=\"1338\">M\u00f3n <strong data-start=\"1122\" data-end=\"1136\">\u201cChu\u1ed1i Om\u201d<\/strong> l\u00e0 s\u1ef1 k\u1ebft h\u1ee3p ho\u00e0n h\u1ea3o gi\u1eefa c\u00e1c nguy\u00ean li\u1ec7u t\u1ef1 nhi\u00ean, gi\u00fap cung c\u1ea5p \u0111\u1ea7y \u0111\u1ee7 d\u01b0\u1ee1ng ch\u1ea5t cho c\u01a1 th\u1ec3 m\u00e0 v\u1eabn gi\u1eef \u0111\u01b0\u1ee3c h\u01b0\u01a1ng v\u1ecb \u0111\u1eb7c tr\u01b0ng v\u00e0 thanh m\u00e1t. D\u01b0\u1edbi \u0111\u00e2y l\u00e0 nh\u1eefng th\u00e0nh ph\u1ea7n ch\u00ednh c\u00f3 trong m\u00f3n \u0103n n\u00e0y:<\/p>\n<ol data-start=\"1340\" data-end=\"4136\">\n<li data-start=\"1340\" data-end=\"1772\">\n<p data-start=\"1343\" data-end=\"1772\"><strong data-start=\"1343\" data-end=\"1357\">Chu\u1ed1i Xanh<\/strong><br data-start=\"1357\" data-end=\"1360\" \/>Chu\u1ed1i xanh l\u00e0 th\u00e0nh ph\u1ea7n ch\u00ednh trong m\u00f3n <strong data-start=\"1401\" data-end=\"1415\">\u201cChu\u1ed1i Om\u201d<\/strong>, v\u1edbi h\u01b0\u01a1ng v\u1ecb \u0111\u1eb7c tr\u01b0ng v\u00e0 nhi\u1ec1u l\u1ee3i \u00edch cho s\u1ee9c kh\u1ecfe. Chu\u1ed1i xanh r\u1ea5t gi\u00e0u ch\u1ea5t x\u01a1, gi\u00fap c\u1ea3i thi\u1ec7n h\u1ec7 ti\u00eau h\u00f3a, gi\u1ea3m t\u00e1o b\u00f3n v\u00e0 duy tr\u00ec s\u1ef1 kh\u1ecfe m\u1ea1nh cho \u0111\u01b0\u1eddng ru\u1ed9t. Ngo\u00e0i ra, chu\u1ed1i xanh c\u00f2n ch\u1ee9a nhi\u1ec1u vitamin A, B, C, gi\u00fap t\u0103ng c\u01b0\u1eddng h\u1ec7 mi\u1ec5n d\u1ecbch v\u00e0 l\u00e0m \u0111\u1eb9p da. V\u1edbi v\u1ecb nh\u1eb9 nh\u00e0ng v\u00e0 d\u1ec5 ch\u1ecbu, chu\u1ed1i xanh tr\u1edf th\u00e0nh nguy\u00ean li\u1ec7u tuy\u1ec7t v\u1eddi trong c\u00e1c m\u00f3n \u0103n chay.<\/p>\n<\/li>\n<li data-start=\"1774\" data-end=\"2186\">\n<p data-start=\"1777\" data-end=\"2186\"><strong data-start=\"1777\" data-end=\"1794\">S\u01b0\u1eddn L\u00faa M\u1ea1ch<\/strong><br data-start=\"1794\" data-end=\"1797\" \/>L\u00faa m\u1ea1ch l\u00e0 ngu\u1ed3n cung c\u1ea5p protein th\u1ef1c v\u1eadt tuy\u1ec7t v\u1eddi, gi\u00fap c\u01a1 th\u1ec3 t\u0103ng c\u01b0\u1eddng n\u0103ng l\u01b0\u1ee3ng m\u00e0 kh\u00f4ng c\u1ea7n \u0111\u1ebfn th\u1ef1c ph\u1ea9m \u0111\u1ed9ng v\u1eadt. <strong data-start=\"1923\" data-end=\"1940\">S\u01b0\u1eddn l\u00faa m\u1ea1ch<\/strong> kh\u00f4ng ch\u1ec9 c\u00f3 h\u01b0\u01a1ng v\u1ecb h\u1ea5p d\u1eabn m\u00e0 c\u00f2n cung c\u1ea5p \u0111\u1ea7y \u0111\u1ee7 ch\u1ea5t dinh d\u01b0\u1ee1ng, gi\u00fap c\u01a1 th\u1ec3 duy tr\u00ec s\u1ee9c kh\u1ecfe v\u00e0 s\u1ef1 d\u1ebbo dai. V\u1edbi h\u00e0m l\u01b0\u1ee3ng protein cao v\u00e0 \u00edt ch\u1ea5t b\u00e9o, l\u00faa m\u1ea1ch l\u00e0 l\u1ef1a ch\u1ecdn l\u00fd t\u01b0\u1edfng cho nh\u1eefng ai \u0103n chay nh\u01b0ng v\u1eabn mu\u1ed1n b\u1ed5 sung \u0111\u1ea7y \u0111\u1ee7 protein.<\/p>\n<\/li>\n<li data-start=\"2188\" data-end=\"2576\">\n<p data-start=\"2191\" data-end=\"2576\"><strong data-start=\"2191\" data-end=\"2206\">N\u1ea5m \u0110\u00f4ng C\u00f4<\/strong><br data-start=\"2206\" data-end=\"2209\" \/>N\u1ea5m \u0111\u00f4ng c\u00f4 l\u00e0 nguy\u00ean li\u1ec7u quen thu\u1ed9c trong c\u00e1c m\u00f3n \u0103n chay nh\u1edd v\u00e0o h\u00e0m l\u01b0\u1ee3ng dinh d\u01b0\u1ee1ng cao v\u00e0 h\u01b0\u01a1ng v\u1ecb \u0111\u1eb7c tr\u01b0ng. N\u1ea5m \u0111\u00f4ng c\u00f4 r\u1ea5t gi\u00e0u vitamin D, s\u1eaft, v\u00e0 c\u00e1c kho\u00e1ng ch\u1ea5t thi\u1ebft y\u1ebfu gi\u00fap h\u1ed7 tr\u1ee3 h\u1ec7 mi\u1ec5n d\u1ecbch v\u00e0 x\u01b0\u01a1ng kh\u1edbp. N\u1ea5m \u0111\u00f4ng c\u00f4 c\u00f2n gi\u00fap gi\u1ea3m nguy c\u01a1 m\u1eafc b\u1ec7nh tim m\u1ea1ch, \u1ed5n \u0111\u1ecbnh huy\u1ebft \u00e1p v\u00e0 l\u00e0m \u0111\u1eb9p da, \u0111\u1ed3ng th\u1eddi mang \u0111\u1ebfn v\u1ecb umami \u0111\u1eb7c bi\u1ec7t cho m\u00f3n <strong data-start=\"2561\" data-end=\"2575\">\u201cChu\u1ed1i Om\u201d<\/strong>.<\/p>\n<\/li>\n<li data-start=\"2578\" data-end=\"2964\">\n<p data-start=\"2581\" data-end=\"2964\"><strong data-start=\"2581\" data-end=\"2601\">L\u00e1 L\u1ed1t v\u00e0 T\u00eda T\u00f4<\/strong><br data-start=\"2601\" data-end=\"2604\" \/>L\u00e1 l\u1ed1t v\u00e0 t\u00eda t\u00f4 kh\u00f4ng ch\u1ec9 l\u00e0 nh\u1eefng gia v\u1ecb t\u1ea1o m\u00f9i th\u01a1m cho m\u00f3n \u0103n m\u00e0 c\u00f2n c\u00f3 r\u1ea5t nhi\u1ec1u c\u00f4ng d\u1ee5ng cho s\u1ee9c kh\u1ecfe. L\u00e1 l\u1ed1t gi\u00fap gi\u1ea3m \u0111au, kh\u00e1ng vi\u00eam v\u00e0 h\u1ed7 tr\u1ee3 ti\u00eau h\u00f3a, trong khi t\u00eda t\u00f4 c\u00f3 t\u00e1c d\u1ee5ng gi\u1ea3i c\u1ea3m, l\u00e0m d\u1ecbu c\u01a1n s\u1ed1t v\u00e0 gi\u1ea3m m\u1ec7t m\u1ecfi. C\u00e1c l\u00e1 gia v\u1ecb n\u00e0y c\u0169ng mang l\u1ea1i m\u1ed9t h\u01b0\u01a1ng v\u1ecb \u0111\u1eb7c bi\u1ec7t cho m\u00f3n \u0103n, gi\u00fap m\u00f3n <strong data-start=\"2915\" data-end=\"2929\">\u201cChu\u1ed1i Om\u201d<\/strong> tr\u1edf n\u00ean h\u1ea5p d\u1eabn v\u00e0 \u0111\u1ea7y dinh d\u01b0\u1ee1ng.<\/p>\n<\/li>\n<li data-start=\"2966\" data-end=\"3303\">\n<p data-start=\"2969\" data-end=\"3303\"><strong data-start=\"2969\" data-end=\"2980\">S\u1eafn D\u00e2y<\/strong><br data-start=\"2980\" data-end=\"2983\" \/>S\u1eafn d\u00e2y l\u00e0 m\u1ed9t ngu\u1ed3n cung c\u1ea5p tinh b\u1ed9t tuy\u1ec7t v\u1eddi, gi\u00fap cung c\u1ea5p n\u0103ng l\u01b0\u1ee3ng cho c\u01a1 th\u1ec3 m\u00e0 kh\u00f4ng g\u00e2y t\u0103ng c\u00e2n. S\u1eafn d\u00e2y c\u00f3 t\u00e1c d\u1ee5ng gi\u1ea3i \u0111\u1ed9c, thanh nhi\u1ec7t v\u00e0 h\u1ed7 tr\u1ee3 h\u1ec7 ti\u00eau h\u00f3a, l\u00e0m d\u1ecbu c\u00e1c v\u1ea5n \u0111\u1ec1 v\u1ec1 d\u1ea1 d\u00e0y. N\u00f3 c\u0169ng gi\u00fap gi\u1ea3m cholesterol trong m\u00e1u v\u00e0 c\u1ea3i thi\u1ec7n ch\u1ee9c n\u0103ng tim m\u1ea1ch, g\u00f3p ph\u1ea7n gi\u00fap b\u1ea1n duy tr\u00ec m\u1ed9t s\u1ee9c kh\u1ecfe t\u1ed1t.<\/p>\n<\/li>\n<li data-start=\"3305\" data-end=\"3580\">\n<p data-start=\"3308\" data-end=\"3580\"><strong data-start=\"3308\" data-end=\"3322\">\u1edat S\u1eebng \u0110\u1ecf<\/strong><br data-start=\"3322\" data-end=\"3325\" \/>\u1edat s\u1eebng \u0111\u1ecf kh\u00f4ng ch\u1ec9 gi\u00fap l\u00e0m t\u0103ng \u0111\u1ed9 cay cho m\u00f3n \u0103n m\u00e0 c\u00f2n cung c\u1ea5p nhi\u1ec1u vitamin C, gi\u00fap t\u0103ng c\u01b0\u1eddng h\u1ec7 mi\u1ec5n d\u1ecbch v\u00e0 ng\u0103n ng\u1eeba c\u00e1c b\u1ec7nh c\u1ea3m c\u00fam th\u00f4ng th\u01b0\u1eddng. \u1edat c\u0169ng c\u00f3 t\u00e1c d\u1ee5ng gi\u1ea3m vi\u00eam, c\u1ea3i thi\u1ec7n tu\u1ea7n ho\u00e0n m\u00e1u v\u00e0 gi\u00fap c\u01a1 th\u1ec3 \u0111\u1ed1t ch\u00e1y m\u1ee1 th\u1eeba hi\u1ec7u qu\u1ea3.<\/p>\n<\/li>\n<li data-start=\"3582\" data-end=\"3848\">\n<p data-start=\"3585\" data-end=\"3848\"><strong data-start=\"3585\" data-end=\"3604\">D\u1ea7u H\u01b0\u1edbng D\u01b0\u01a1ng<\/strong><br data-start=\"3604\" data-end=\"3607\" \/>D\u1ea7u h\u01b0\u1edbng d\u01b0\u01a1ng l\u00e0 ngu\u1ed3n cung c\u1ea5p ch\u1ea5t b\u00e9o kh\u00f4ng b\u00e3o h\u00f2a, t\u1ed1t cho s\u1ee9c kh\u1ecfe tim m\u1ea1ch. D\u1ea7u n\u00e0y c\u0169ng ch\u1ee9a vitamin E, gi\u00fap ch\u1ed1ng oxy h\u00f3a v\u00e0 b\u1ea3o v\u1ec7 t\u1ebf b\u00e0o kh\u1ecfi s\u1ef1 t\u1ed5n th\u01b0\u01a1ng c\u1ee7a c\u00e1c g\u1ed1c t\u1ef1 do, \u0111\u1ed3ng th\u1eddi duy tr\u00ec s\u1ef1 kh\u1ecfe m\u1ea1nh cho l\u00e0n da v\u00e0 m\u00e1i t\u00f3c.<\/p>\n<\/li>\n<li data-start=\"3850\" data-end=\"4136\">\n<p data-start=\"3853\" data-end=\"4136\"><strong data-start=\"3853\" data-end=\"3882\">H\u00e0nh v\u00e0 B\u1ed9t N\u00eam Ng\u01b0u B\u00e1ng<\/strong><br data-start=\"3882\" data-end=\"3885\" \/>H\u00e0nh gi\u00fap t\u1ea1o h\u01b0\u01a1ng v\u1ecb \u0111\u1eb7c tr\u01b0ng cho m\u00f3n \u0103n, \u0111\u1ed3ng th\u1eddi c\u00f3 t\u00e1c d\u1ee5ng kh\u00e1ng vi\u00eam v\u00e0 h\u1ed7 tr\u1ee3 h\u1ec7 ti\u00eau h\u00f3a. B\u1ed9t n\u00eam ng\u01b0u b\u00e1ng l\u00e0 gia v\u1ecb t\u1ef1 nhi\u00ean gi\u00fap t\u0103ng c\u01b0\u1eddng h\u01b0\u01a1ng v\u1ecb m\u00e0 kh\u00f4ng c\u1ea7n d\u00f9ng \u0111\u1ebfn gia v\u1ecb nh\u00e2n t\u1ea1o hay b\u1ed9t ng\u1ecdt, gi\u00fap m\u00f3n \u0103n tr\u1edf n\u00ean \u0111\u1eadm \u0111\u00e0 v\u00e0 d\u1ec5 \u0103n.<\/p>\n<\/li>\n<\/ol>\n<div style=\"width: 1020px;\" class=\"wp-video\"><video class=\"wp-video-shortcode\" id=\"video-1244-1\" width=\"1020\" height=\"1813\" preload=\"metadata\" controls=\"controls\"><source type=\"video\/mp4\" src=\"http:\/\/zenhousevietnam.com\/wp-content\/uploads\/2025\/01\/do-hop-chay-tien-loi.mp4?_=1\" \/><a href=\"http:\/\/zenhousevietnam.com\/wp-content\/uploads\/2025\/01\/do-hop-chay-tien-loi.mp4\">http:\/\/zenhousevietnam.com\/wp-content\/uploads\/2025\/01\/do-hop-chay-tien-loi.mp4<\/a><\/video><\/div>\n<h3 data-start=\"4138\" data-end=\"4180\"><span style=\"color: #ed1c24;\"><strong data-start=\"4142\" data-end=\"4180\">L\u1ee3i \u00cdch C\u1ee7a H\u1ed9p \u0110\u1ed3 Chay \u201cChu\u1ed1i Om\u201d<\/strong><\/span><\/h3>\n<p data-start=\"4182\" data-end=\"4341\"><strong data-start=\"4182\" data-end=\"4208\">H\u1ed9p \u0111\u1ed3 chay \u201cChu\u1ed1i Om\u201d<\/strong> kh\u00f4ng ch\u1ec9 mang l\u1ea1i m\u1ed9t b\u1eefa \u0103n ngon mi\u1ec7ng m\u00e0 c\u00f2n cung c\u1ea5p nhi\u1ec1u l\u1ee3i \u00edch cho s\u1ee9c kh\u1ecfe. D\u01b0\u1edbi \u0111\u00e2y l\u00e0 nh\u1eefng l\u1ee3i \u00edch ch\u00ednh c\u1ee7a m\u00f3n \u0103n n\u00e0y:<\/p>\n<ol data-start=\"4343\" data-end=\"5910\">\n<li data-start=\"4343\" data-end=\"4651\">\n<p data-start=\"4346\" data-end=\"4651\"><strong data-start=\"4346\" data-end=\"4379\">Cung C\u1ea5p Dinh D\u01b0\u1ee1ng To\u00e0n Di\u1ec7n<\/strong><br data-start=\"4379\" data-end=\"4382\" \/>V\u1edbi s\u1ef1 k\u1ebft h\u1ee3p c\u1ee7a chu\u1ed1i xanh, s\u01b0\u1eddn l\u00faa m\u1ea1ch, n\u1ea5m \u0111\u00f4ng c\u00f4, l\u00e1 l\u1ed1t v\u00e0 c\u00e1c nguy\u00ean li\u1ec7u kh\u00e1c, <strong data-start=\"4473\" data-end=\"4487\">\u201cChu\u1ed1i Om\u201d<\/strong> cung c\u1ea5p \u0111\u1ea7y \u0111\u1ee7 c\u00e1c vitamin, kho\u00e1ng ch\u1ea5t, ch\u1ea5t x\u01a1 v\u00e0 protein th\u1ef1c v\u1eadt cho c\u01a1 th\u1ec3. \u0110\u00e2y l\u00e0 m\u00f3n \u0103n ho\u00e0n h\u1ea3o \u0111\u1ec3 b\u1ed5 sung dinh d\u01b0\u1ee1ng m\u00e0 kh\u00f4ng c\u1ea7n \u0111\u1ebfn th\u1ef1c ph\u1ea9m \u0111\u1ed9ng v\u1eadt.<\/p>\n<\/li>\n<li data-start=\"4653\" data-end=\"5028\">\n<p data-start=\"4656\" data-end=\"5028\"><strong data-start=\"4656\" data-end=\"4706\">H\u1ed7 Tr\u1ee3 Ti\u00eau H\u00f3a v\u00e0 Duy Tr\u00ec S\u1ee9c Kh\u1ecfe \u0110\u01b0\u1eddng Ru\u1ed9t<\/strong><br data-start=\"4706\" data-end=\"4709\" \/>C\u00e1c nguy\u00ean li\u1ec7u nh\u01b0 chu\u1ed1i xanh, s\u1eafn d\u00e2y, t\u00eda t\u00f4 v\u00e0 n\u1ea5m \u0111\u00f4ng c\u00f4 \u0111\u1ec1u c\u00f3 t\u00e1c d\u1ee5ng r\u1ea5t t\u1ed1t trong vi\u1ec7c h\u1ed7 tr\u1ee3 ti\u00eau h\u00f3a, gi\u00fap c\u01a1 th\u1ec3 h\u1ea5p th\u1ee5 dinh d\u01b0\u1ee1ng t\u1ed1t h\u01a1n v\u00e0 ng\u0103n ng\u1eeba c\u00e1c v\u1ea5n \u0111\u1ec1 v\u1ec1 \u0111\u01b0\u1eddng ru\u1ed9t. Ch\u1ea5t x\u01a1 trong chu\u1ed1i v\u00e0 s\u1eafn d\u00e2y gi\u00fap c\u1ea3i thi\u1ec7n ch\u1ee9c n\u0103ng ti\u00eau h\u00f3a, ng\u0103n ng\u1eeba t\u00e1o b\u00f3n v\u00e0 gi\u1ea3m nguy c\u01a1 m\u1eafc c\u00e1c b\u1ec7nh v\u1ec1 \u0111\u1ea1i tr\u00e0ng.<\/p>\n<\/li>\n<li data-start=\"5030\" data-end=\"5279\">\n<p data-start=\"5033\" data-end=\"5279\"><strong data-start=\"5033\" data-end=\"5075\">Gi\u1ea3m C\u0103ng Th\u1eb3ng v\u00e0 C\u1ea3i Thi\u1ec7n T\u00e2m Tr\u1ea1ng<\/strong><br data-start=\"5075\" data-end=\"5078\" \/>T\u00eda t\u00f4 v\u00e0 \u1edbt s\u1eebng \u0111\u1ecf c\u00f3 t\u00e1c d\u1ee5ng gi\u1ea3m c\u0103ng th\u1eb3ng, th\u01b0 gi\u00e3n c\u01a1 th\u1ec3 v\u00e0 c\u1ea3i thi\u1ec7n t\u00e2m tr\u1ea1ng. H\u01b0\u01a1ng v\u1ecb cay n\u1ed3ng t\u1eeb \u1edbt s\u1eebng \u0111\u1ecf c\u0169ng gi\u00fap k\u00edch th\u00edch s\u1ef1 th\u00e8m \u0103n v\u00e0 mang l\u1ea1i c\u1ea3m gi\u00e1c d\u1ec5 ch\u1ecbu trong su\u1ed1t b\u1eefa \u0103n.<\/p>\n<\/li>\n<li data-start=\"5281\" data-end=\"5603\">\n<p data-start=\"5284\" data-end=\"5603\"><strong data-start=\"5284\" data-end=\"5320\">T\u1ed1t Cho Tim M\u1ea1ch v\u00e0 H\u1ec7 Tu\u1ea7n Ho\u00e0n<\/strong><br data-start=\"5320\" data-end=\"5323\" \/>C\u00e1c nguy\u00ean li\u1ec7u trong m\u00f3n <strong data-start=\"5349\" data-end=\"5363\">\u201cChu\u1ed1i Om\u201d<\/strong> nh\u01b0 d\u1ea7u h\u01b0\u1edbng d\u01b0\u01a1ng v\u00e0 n\u1ea5m \u0111\u00f4ng c\u00f4 c\u00f3 t\u00e1c d\u1ee5ng gi\u1ea3m cholesterol x\u1ea5u trong m\u00e1u, h\u1ed7 tr\u1ee3 s\u1ee9c kh\u1ecfe tim m\u1ea1ch v\u00e0 tu\u1ea7n ho\u00e0n m\u00e1u. D\u1ea7u h\u01b0\u1edbng d\u01b0\u01a1ng l\u00e0 ngu\u1ed3n ch\u1ea5t b\u00e9o kh\u00f4ng b\u00e3o h\u00f2a, r\u1ea5t t\u1ed1t cho s\u1ee9c kh\u1ecfe tim m\u1ea1ch v\u00e0 gi\u00fap gi\u1ea3m nguy c\u01a1 m\u1eafc c\u00e1c b\u1ec7nh tim.<\/p>\n<\/li>\n<li data-start=\"5605\" data-end=\"5910\">\n<p data-start=\"5608\" data-end=\"5910\"><strong data-start=\"5608\" data-end=\"5635\">T\u0103ng C\u01b0\u1eddng H\u1ec7 Mi\u1ec5n D\u1ecbch<\/strong><br data-start=\"5635\" data-end=\"5638\" \/>C\u00e1c vitamin v\u00e0 kho\u00e1ng ch\u1ea5t t\u1eeb chu\u1ed1i xanh, n\u1ea5m \u0111\u00f4ng c\u00f4, t\u00eda t\u00f4 v\u00e0 \u1edbt s\u1eebng \u0111\u1ecf gi\u00fap t\u0103ng c\u01b0\u1eddng s\u1ee9c \u0111\u1ec1 kh\u00e1ng v\u00e0 b\u1ea3o v\u1ec7 c\u01a1 th\u1ec3 kh\u1ecfi c\u00e1c b\u1ec7nh nhi\u1ec5m tr\u00f9ng. Vitamin C trong \u1edbt s\u1eebng \u0111\u1ecf v\u00e0 c\u00e1c nguy\u00ean li\u1ec7u kh\u00e1c gi\u00fap l\u00e0m s\u1ea1ch c\u01a1 th\u1ec3, ch\u1ed1ng l\u1ea1i c\u1ea3m l\u1ea1nh v\u00e0 c\u1ea3i thi\u1ec7n s\u1ee9c kh\u1ecfe t\u1ed5ng th\u1ec3.<\/p>\n<\/li>\n<\/ol>\n<p>&nbsp;<\/p>\n<p>&nbsp;<\/p>\n<h3 data-start=\"5912\" data-end=\"5955\"><span style=\"color: #ed1c24;\"><strong data-start=\"5916\" data-end=\"5955\">C\u00e1ch S\u1eed D\u1ee5ng H\u1ed9p \u0110\u1ed3 Chay \u201cChu\u1ed1i Om\u201d<\/strong><\/span><\/h3>\n<p data-start=\"5957\" data-end=\"6191\">H\u1ed9p \u0111\u1ed3 chay <strong data-start=\"5969\" data-end=\"5983\">\u201cChu\u1ed1i Om\u201d<\/strong> r\u1ea5t d\u1ec5 d\u00e0ng s\u1eed d\u1ee5ng v\u00e0 c\u00f3 th\u1ec3 l\u00e0 m\u1ed9t b\u1eefa \u0103n nhanh ch\u00f3ng trong nh\u1eefng ng\u00e0y b\u1eadn r\u1ed9n. B\u1ea1n ch\u1ec9 c\u1ea7n m\u1edf h\u1ed9p v\u00e0 th\u01b0\u1edfng th\u1ee9c ngay, ho\u1eb7c k\u1ebft h\u1ee3p v\u1edbi c\u01a1m tr\u1eafng, b\u00e1nh m\u00ec hay c\u00e1c m\u00f3n \u0103n kh\u00e1c \u0111\u1ec3 l\u00e0m phong ph\u00fa th\u00eam b\u1eefa \u0103n.<\/p>\n<p data-start=\"6193\" data-end=\"6429\">M\u00f3n \u0103n n\u00e0y kh\u00f4ng ch\u1ec9 th\u00edch h\u1ee3p cho b\u1eefa tr\u01b0a hay t\u1ed1i m\u00e0 c\u00f2n c\u00f3 th\u1ec3 d\u00f9ng l\u00e0m m\u00f3n \u0103n nh\u1eb9 trong c\u00e1c b\u1eefa ti\u1ec7c nh\u1ecf ho\u1eb7c khi ti\u1ebfp kh\u00e1ch. \u0110\u00e2y l\u00e0 l\u1ef1a ch\u1ecdn l\u00fd t\u01b0\u1edfng cho nh\u1eefng ng\u01b0\u1eddi \u0103n chay ho\u1eb7c mu\u1ed1n duy tr\u00ec m\u1ed9t ch\u1ebf \u0111\u1ed9 \u0103n u\u1ed1ng l\u00e0nh m\u1ea1nh, b\u1ed5 d\u01b0\u1ee1ng.<\/p>\n<p data-start=\"6449\" data-end=\"6901\" data-is-last-node=\"\" data-is-only-node=\"\"><strong data-start=\"6449\" data-end=\"6475\">H\u1ed9p \u0111\u1ed3 chay \u201cChu\u1ed1i Om\u201d<\/strong> l\u00e0 s\u1ef1 k\u1ebft h\u1ee3p ho\u00e0n h\u1ea3o gi\u1eefa h\u01b0\u01a1ng v\u1ecb \u0111\u1eb7c tr\u01b0ng v\u00e0 \u0111\u1ea7y \u0111\u1ee7 dinh d\u01b0\u1ee1ng t\u1eeb c\u00e1c nguy\u00ean li\u1ec7u t\u1ef1 nhi\u00ean. V\u1edbi nh\u1eefng th\u00e0nh ph\u1ea7n nh\u01b0 chu\u1ed1i xanh, s\u01b0\u1eddn l\u00faa m\u1ea1ch, n\u1ea5m \u0111\u00f4ng c\u00f4, t\u00eda t\u00f4 v\u00e0 c\u00e1c gia v\u1ecb t\u1ef1 nhi\u00ean, m\u00f3n \u0103n n\u00e0y mang l\u1ea1i nhi\u1ec1u l\u1ee3i \u00edch cho s\u1ee9c kh\u1ecfe, t\u1eeb vi\u1ec7c h\u1ed7 tr\u1ee3 ti\u00eau h\u00f3a \u0111\u1ebfn c\u1ea3i thi\u1ec7n s\u1ee9c kh\u1ecfe tim m\u1ea1ch. H\u00e3y th\u1eed ngay m\u00f3n <strong data-start=\"6791\" data-end=\"6805\">\u201cChu\u1ed1i Om\u201d<\/strong> \u0111\u1ec3 th\u01b0\u1edfng th\u1ee9c h\u01b0\u01a1ng v\u1ecb tuy\u1ec7t v\u1eddi v\u00e0 nh\u1eadn \u0111\u01b0\u1ee3c nh\u1eefng l\u1ee3i \u00edch dinh d\u01b0\u1ee1ng m\u00e0 m\u00f3n \u0103n n\u00e0y mang l\u1ea1i.<\/p>\n<h3 data-start=\"6449\" data-end=\"6901\"><span style=\"color: #ed1c24;\"><strong>Ngo\u00e0i ra c\u00f2n c\u00f3 c\u00e1c s\u1ea3n ph\u1ea9m \u0111\u1ed3 h\u1ed9p chay ti\u1ec7n l\u1ee3i kh\u00e1c:<\/strong><\/span><\/h3>\n<p><img loading=\"lazy\" decoding=\"async\" class=\"alignnone size-medium wp-image-1806\" src=\"http:\/\/zenhousevietnam.com\/wp-content\/uploads\/2025\/01\/mit-kho-300x240.webp\" alt=\"\" width=\"300\" height=\"240\" srcset=\"https:\/\/zenhousevietnam.com\/wp-content\/uploads\/2025\/01\/mit-kho-300x240.webp 300w, https:\/\/zenhousevietnam.com\/wp-content\/uploads\/2025\/01\/mit-kho-1024x820.webp 1024w, https:\/\/zenhousevietnam.com\/wp-content\/uploads\/2025\/01\/mit-kho-768x615.webp 768w, https:\/\/zenhousevietnam.com\/wp-content\/uploads\/2025\/01\/mit-kho-15x12.webp 15w, https:\/\/zenhousevietnam.com\/wp-content\/uploads\/2025\/01\/mit-kho-595x477.webp 595w, https:\/\/zenhousevietnam.com\/wp-content\/uploads\/2025\/01\/mit-kho-png.webp 1351w\" sizes=\"auto, (max-width: 300px) 100vw, 300px\" \/> <img loading=\"lazy\" decoding=\"async\" class=\"alignnone size-medium wp-image-1808\" src=\"http:\/\/zenhousevietnam.com\/wp-content\/uploads\/2025\/01\/tao-xoan-sa-ot-300x239.webp\" alt=\"\" width=\"300\" height=\"239\" srcset=\"https:\/\/zenhousevietnam.com\/wp-content\/uploads\/2025\/01\/tao-xoan-sa-ot-300x239.webp 300w, https:\/\/zenhousevietnam.com\/wp-content\/uploads\/2025\/01\/tao-xoan-sa-ot-15x12.webp 15w, https:\/\/zenhousevietnam.com\/wp-content\/uploads\/2025\/01\/tao-xoan-sa-ot-595x473.webp 595w, https:\/\/zenhousevietnam.com\/wp-content\/uploads\/2025\/01\/tao-xoan-sa-ot-png.webp 674w\" sizes=\"auto, (max-width: 300px) 100vw, 300px\" \/> <img loading=\"lazy\" decoding=\"async\" class=\"alignnone size-medium wp-image-1839\" src=\"http:\/\/zenhousevietnam.com\/wp-content\/uploads\/2025\/01\/dau-hu-sot-ca-do-hop-chay-300x240.webp\" alt=\"\" width=\"300\" height=\"240\" srcset=\"https:\/\/zenhousevietnam.com\/wp-content\/uploads\/2025\/01\/dau-hu-sot-ca-do-hop-chay-300x240.webp 300w, https:\/\/zenhousevietnam.com\/wp-content\/uploads\/2025\/01\/dau-hu-sot-ca-do-hop-chay-15x12.webp 15w, https:\/\/zenhousevietnam.com\/wp-content\/uploads\/2025\/01\/dau-hu-sot-ca-do-hop-chay-595x476.webp 595w, https:\/\/zenhousevietnam.com\/wp-content\/uploads\/2025\/01\/dau-hu-sot-ca-do-hop-chay-png.webp 672w\" sizes=\"auto, (max-width: 300px) 100vw, 300px\" \/> <img loading=\"lazy\" decoding=\"async\" class=\"alignnone size-medium wp-image-1773\" src=\"http:\/\/zenhousevietnam.com\/wp-content\/uploads\/2025\/01\/do-hop-chay-tien-loi-thanh-rong-bien-kho-300x240.webp\" alt=\"\" width=\"300\" height=\"240\" srcset=\"https:\/\/zenhousevietnam.com\/wp-content\/uploads\/2025\/01\/do-hop-chay-tien-loi-thanh-rong-bien-kho-300x240.webp 300w, https:\/\/zenhousevietnam.com\/wp-content\/uploads\/2025\/01\/do-hop-chay-tien-loi-thanh-rong-bien-kho-15x12.webp 15w, https:\/\/zenhousevietnam.com\/wp-content\/uploads\/2025\/01\/do-hop-chay-tien-loi-thanh-rong-bien-kho-595x476.webp 595w, https:\/\/zenhousevietnam.com\/wp-content\/uploads\/2025\/01\/do-hop-chay-tien-loi-thanh-rong-bien-kho.webp 728w\" sizes=\"auto, (max-width: 300px) 100vw, 300px\" \/><img loading=\"lazy\" decoding=\"async\" class=\"alignnone size-medium wp-image-1844\" src=\"http:\/\/zenhousevietnam.com\/wp-content\/uploads\/2025\/01\/cha-kho-do-hop-chay-tien-loi-300x240.webp\" alt=\"\" width=\"300\" height=\"240\" srcset=\"https:\/\/zenhousevietnam.com\/wp-content\/uploads\/2025\/01\/cha-kho-do-hop-chay-tien-loi-300x240.webp 300w, https:\/\/zenhousevietnam.com\/wp-content\/uploads\/2025\/01\/cha-kho-do-hop-chay-tien-loi-768x614.webp 768w, https:\/\/zenhousevietnam.com\/wp-content\/uploads\/2025\/01\/cha-kho-do-hop-chay-tien-loi-15x12.webp 15w, https:\/\/zenhousevietnam.com\/wp-content\/uploads\/2025\/01\/cha-kho-do-hop-chay-tien-loi-595x476.webp 595w, https:\/\/zenhousevietnam.com\/wp-content\/uploads\/2025\/01\/cha-kho-do-hop-chay-tien-loi-png.webp 849w\" sizes=\"auto, (max-width: 300px) 100vw, 300px\" \/><\/p>\n<p data-start=\"6449\" data-end=\"6901\" data-is-last-node=\"\" data-is-only-node=\"\"><em><strong>B\u00e1o tu\u1ed5i tr\u1ebb n\u00f3i v\u1ec1\u00a0<a href=\"https:\/\/tuoitre.vn\/dam-cuoi-doc-la-300-khach-moi-duoc-dai-tiec-chay-ai-cung-khen-ngon-20240801212258956.htm\" target=\"_blank\" rel=\"noopener\">nh\u00e0 h\u00e0ng t\u1ed5 ch\u1ee9c ti\u1ec7c c\u01b0\u1edbi chay<\/a>\u00a0ZenHouse t\u1ed5 ch\u1ee9c t\u1ea1i nh\u00e0 v\u1edbi ch\u1ee7 \u0111\u1ec1\u00a0 \u201c\u0110\u00e1m c\u01b0\u1edbi \u0111\u1ed9c l\u1ea1 300 kh\u00e1ch m\u1eddi \u0111\u01b0\u1ee3c \u0111\u00e3i ti\u1ec7c chay, ai c\u0169ng khen ngon\u201d<\/strong><\/em><\/p>","protected":false},"excerpt":{"rendered":"<p><strong>Kh\u1ed1i l\u01b0\u1ee3ng t\u1ecbnh:<\/strong> 150g<\/p>\n<p><strong>\u0110\u01a1n v\u1ecb t\u00ednh:<\/strong> H\u1ed9p<\/p>\n<p><strong>Th\u00e0nh ph\u1ea7n:<\/strong> Chu\u1ed1i xanh, s\u01b0\u1eddn l\u00faa m\u1ea1ch, n\u1ea5m \u0111\u00f4ng c\u00f4, l\u00e1 l\u1ed1t, t\u00eda t\u00f4, s\u1eafn d\u00e2y, \u1edbt s\u1eebng \u0111\u1ecf, d\u1ea7u h\u01b0\u1edbng d\u01b0\u01a1ng, h\u00e0nh, b\u1ed9t n\u00eam ng\u01b0u b\u00e1ng.<\/p>","protected":false},"featured_media":1461,"comment_status":"open","ping_status":"closed","template":"","meta":[],"product_brand":[],"product_cat":[37],"product_tag":[],"class_list":{"0":"post-1244","1":"product","2":"type-product","3":"status-publish","4":"has-post-thumbnail","6":"product_cat-san-pham","8":"first","9":"instock","10":"shipping-taxable","11":"purchasable","12":"product-type-simple"},"_links":{"self":[{"href":"https:\/\/zenhousevietnam.com\/en\/wp-json\/wp\/v2\/product\/1244","targetHints":{"allow":["GET"]}}],"collection":[{"href":"https:\/\/zenhousevietnam.com\/en\/wp-json\/wp\/v2\/product"}],"about":[{"href":"https:\/\/zenhousevietnam.com\/en\/wp-json\/wp\/v2\/types\/product"}],"replies":[{"embeddable":true,"href":"https:\/\/zenhousevietnam.com\/en\/wp-json\/wp\/v2\/comments?post=1244"}],"wp:featuredmedia":[{"embeddable":true,"href":"https:\/\/zenhousevietnam.com\/en\/wp-json\/wp\/v2\/media\/1461"}],"wp:attachment":[{"href":"https:\/\/zenhousevietnam.com\/en\/wp-json\/wp\/v2\/media?parent=1244"}],"wp:term":[{"taxonomy":"product_brand","embeddable":true,"href":"https:\/\/zenhousevietnam.com\/en\/wp-json\/wp\/v2\/product_brand?post=1244"},{"taxonomy":"product_cat","embeddable":true,"href":"https:\/\/zenhousevietnam.com\/en\/wp-json\/wp\/v2\/product_cat?post=1244"},{"taxonomy":"product_tag","embeddable":true,"href":"https:\/\/zenhousevietnam.com\/en\/wp-json\/wp\/v2\/product_tag?post=1244"}],"curies":[{"name":"wp","href":"https:\/\/api.w.org\/{rel}","templated":true}]}}