{"id":1243,"date":"2025-01-21T11:30:08","date_gmt":"2025-01-21T04:30:08","guid":{"rendered":"https:\/\/zenhousevietnam.com\/?post_type=product&#038;p=1243"},"modified":"2025-03-05T17:29:54","modified_gmt":"2025-03-05T10:29:54","slug":"tao-xoan-sa-ot","status":"publish","type":"product","link":"https:\/\/zenhousevietnam.com\/en\/product\/tao-xoan-sa-ot\/","title":{"rendered":"T\u1ea3o Xo\u1eafn S\u1ea3 \u1edat"},"content":{"rendered":"<div class=\"flex-1 overflow-hidden @container\/thread translate-y-[2rem] -mt-[2rem] pb-[1.5rem]\">\n<div class=\"relative h-full\">\n<div class=\"flex h-full flex-col overflow-y-auto [scrollbar-gutter:stable]\">\n<div class=\"flex flex-col text-sm md:pb-9\">\n<article class=\"w-full text-token-text-primary focus-visible:outline-2 focus-visible:outline-offset-[-4px]\" dir=\"auto\" data-testid=\"conversation-turn-31\" data-scroll-anchor=\"true\">\n<div class=\"m-auto text-base py-[18px] px-6\">\n<div class=\"mx-auto flex flex-1 text-base gap-4 md:gap-5 lg:gap-6 md:max-w-3xl lg:max-w-[40rem] xl:max-w-[48rem]\">\n<div class=\"group\/conversation-turn relative flex w-full min-w-0 flex-col agent-turn @xs\/thread:px-0 @sm\/thread:px-1.5 @md\/thread:px-4\">\n<div class=\"flex-col gap-1 md:gap-3\">\n<div class=\"flex max-w-full flex-col flex-grow\">\n<div class=\"min-h-8 text-message relative flex w-full flex-col items-end gap-2 whitespace-normal break-words text-start [.text-message+&amp;]:mt-5\" dir=\"auto\" data-message-author-role=\"assistant\" data-message-id=\"616328a8-bca7-4bf9-abd3-c44851cfaaef\" data-message-model-slug=\"gpt-4o-mini\">\n<div class=\"flex w-full flex-col gap-1 empty:hidden first:pt-[3px]\">\n<div class=\"markdown prose w-full break-words dark:prose-invert light\">\n<h1 data-start=\"0\" data-end=\"89\"><a href=\"https:\/\/zenhousevietnam.com\/san-pham\/tao-xoan-sa-ot\/\"><strong data-start=\"0\" data-end=\"89\">H\u1ed9p \u0110\u1ed3 Chay Ti\u1ec7n L\u1ee3i \u201cT\u1ea3o Xo\u1eafn S\u1ea3 \u1edat\u201d &#8211; S\u1ef1 K\u1ebft H\u1ee3p \u0110\u1ed9c \u0110\u00e1o C\u1ee7a Dinh D\u01b0\u1ee1ng V\u00e0 H\u01b0\u01a1ng V\u1ecb<\/strong><\/a><\/h1>\n<h4 data-start=\"91\" data-end=\"640\">Trong m\u1ed9t th\u1ebf gi\u1edbi hi\u1ec7n \u0111\u1ea1i v\u1edbi nh\u1ecbp s\u1ed1ng h\u1ed1i h\u1ea3, vi\u1ec7c duy tr\u00ec m\u1ed9t ch\u1ebf \u0111\u1ed9 \u0103n u\u1ed1ng l\u00e0nh m\u1ea1nh v\u00e0 \u0111\u1ea7y \u0111\u1ee7 dinh d\u01b0\u1ee1ng ng\u00e0y c\u00e0ng tr\u1edf n\u00ean quan tr\u1ecdng. Tuy nhi\u00ean, nhi\u1ec1u ng\u01b0\u1eddi th\u01b0\u1eddng g\u1eb7p kh\u00f3 kh\u0103n trong vi\u1ec7c t\u00ecm ki\u1ebfm c\u00e1c b\u1eefa \u0103n v\u1eeba ti\u1ec7n l\u1ee3i, v\u1eeba \u0111\u1ee7 ch\u1ea5t. N\u1ebfu b\u1ea1n \u0111ang t\u00ecm ki\u1ebfm m\u1ed9t m\u00f3n \u0103n chay v\u1eeba ngon mi\u1ec7ng, v\u1eeba ti\u1ec7n l\u1ee3i, b\u1ed5 d\u01b0\u1ee1ng, th\u00ec <strong data-start=\"417\" data-end=\"456\">h\u1ed9p \u0111\u1ed3 chay ti\u1ec7n l\u1ee3i T\u1ea3o Xo\u1eafn S\u1ea3 \u1edat<\/strong> l\u00e0 s\u1ef1 l\u1ef1a ch\u1ecdn ho\u00e0n h\u1ea3o. V\u1edbi gi\u00e1 ch\u1ec9 <strong data-start=\"494\" data-end=\"506\">48,000 \u20ab<\/strong> cho kh\u1ed1i l\u01b0\u1ee3ng t\u1ecbnh 150g, m\u00f3n \u0103n n\u00e0y kh\u00f4ng ch\u1ec9 d\u1ec5 d\u00e0ng ch\u1ebf bi\u1ebfn m\u00e0 c\u00f2n mang \u0111\u1ebfn cho b\u1ea1n m\u1ed9t b\u1eefa \u0103n chay tuy\u1ec7t v\u1eddi, \u0111\u1ea7y \u0111\u1ee7 d\u01b0\u1ee1ng ch\u1ea5t.<\/h4>\n<h3 data-start=\"642\" data-end=\"690\"><strong data-start=\"646\" data-end=\"690\">T\u1ea3o Xo\u1eafn &#8211; Si\u00eau Th\u1ef1c Ph\u1ea9m T\u1eeb Thi\u00ean Nhi\u00ean<\/strong><\/h3>\n<p><img loading=\"lazy\" decoding=\"async\" class=\"aligncenter wp-image-1808 size-full\" src=\"http:\/\/zenhousevietnam.com\/wp-content\/uploads\/2025\/01\/tao-xoan-sa-ot-png.webp\" alt=\"\" width=\"674\" height=\"536\" srcset=\"https:\/\/zenhousevietnam.com\/wp-content\/uploads\/2025\/01\/tao-xoan-sa-ot-png.webp 674w, https:\/\/zenhousevietnam.com\/wp-content\/uploads\/2025\/01\/tao-xoan-sa-ot-300x239.webp 300w, https:\/\/zenhousevietnam.com\/wp-content\/uploads\/2025\/01\/tao-xoan-sa-ot-15x12.webp 15w, https:\/\/zenhousevietnam.com\/wp-content\/uploads\/2025\/01\/tao-xoan-sa-ot-595x473.webp 595w\" sizes=\"auto, (max-width: 674px) 100vw, 674px\" \/><\/p>\n<p data-start=\"692\" data-end=\"1050\">T\u1ea3o xo\u1eafn, m\u1ed9t lo\u1ea1i t\u1ea3o bi\u1ec3n t\u1ef1 nhi\u00ean, t\u1eeb l\u00e2u \u0111\u00e3 \u0111\u01b0\u1ee3c bi\u1ebft \u0111\u1ebfn nh\u01b0 m\u1ed9t si\u00eau th\u1ef1c ph\u1ea9m, ch\u1ee9a h\u00e0m l\u01b0\u1ee3ng dinh d\u01b0\u1ee1ng v\u00f4 c\u00f9ng phong ph\u00fa. T\u1ea3o xo\u1eafn kh\u00f4 trong <strong data-start=\"842\" data-end=\"872\">h\u1ed9p \u0111\u1ed3 chay T\u1ea3o Xo\u1eafn S\u1ea3 \u1edat<\/strong> l\u00e0 ngu\u1ed3n cung c\u1ea5p protein, vitamin v\u00e0 kho\u00e1ng ch\u1ea5t thi\u1ebft y\u1ebfu cho c\u01a1 th\u1ec3. V\u1edbi h\u01a1n 60% protein th\u1ef1c v\u1eadt, t\u1ea3o xo\u1eafn l\u00e0 l\u1ef1a ch\u1ecdn l\u00fd t\u01b0\u1edfng cho nh\u1eefng ng\u01b0\u1eddi \u0103n chay ho\u1eb7c thu\u1ea7n th\u1ef1c v\u1eadt.<\/p>\n<p data-start=\"1052\" data-end=\"1477\">T\u1ea3o xo\u1eafn ch\u1ee9a r\u1ea5t nhi\u1ec1u vitamin A, B1, B2, B6, B12, vitamin C, E, c\u0169ng nh\u01b0 c\u00e1c kho\u00e1ng ch\u1ea5t nh\u01b0 s\u1eaft, k\u1ebdm, kali, v\u00e0 canxi. \u0110\u1eb7c bi\u1ec7t, t\u1ea3o xo\u1eafn cung c\u1ea5p phycocyanin &#8211; m\u1ed9t ch\u1ea5t ch\u1ed1ng oxy h\u00f3a m\u1ea1nh m\u1ebd, gi\u00fap b\u1ea3o v\u1ec7 t\u1ebf b\u00e0o kh\u1ecfi s\u1ef1 t\u1ed5n th\u01b0\u01a1ng c\u1ee7a c\u00e1c g\u1ed1c t\u1ef1 do v\u00e0 t\u0103ng c\u01b0\u1eddng kh\u1ea3 n\u0103ng mi\u1ec5n d\u1ecbch c\u1ee7a c\u01a1 th\u1ec3. Vi\u1ec7c b\u1ed5 sung t\u1ea3o xo\u1eafn v\u00e0o ch\u1ebf \u0111\u1ed9 \u0103n gi\u00fap h\u1ed7 tr\u1ee3 ti\u00eau h\u00f3a, c\u1ea3i thi\u1ec7n s\u1ee9c kh\u1ecfe tim m\u1ea1ch, gi\u1ea3m m\u1ee1 th\u1eeba v\u00e0 mang l\u1ea1i l\u00e0n da s\u00e1ng kh\u1ecfe.<\/p>\n<h3 data-start=\"1479\" data-end=\"1537\"><strong data-start=\"1483\" data-end=\"1537\">S\u1ea3 &#8211; Gia V\u1ecb Tinh T\u1ebf V\u1edbi L\u1ee3i \u00cdch S\u1ee9c Kh\u1ecfe Tuy\u1ec7t V\u1eddi<\/strong><\/h3>\n<p data-start=\"1539\" data-end=\"1750\">S\u1ea3 kh\u00f4ng ch\u1ec9 l\u00e0 gia v\u1ecb ph\u1ed5 bi\u1ebfn trong \u1ea9m th\u1ef1c Vi\u1ec7t Nam m\u00e0 c\u00f2n c\u00f3 nhi\u1ec1u c\u00f4ng d\u1ee5ng tuy\u1ec7t v\u1eddi \u0111\u1ed1i v\u1edbi s\u1ee9c kh\u1ecfe. Trong <strong data-start=\"1654\" data-end=\"1684\">h\u1ed9p \u0111\u1ed3 chay T\u1ea3o Xo\u1eafn S\u1ea3 \u1edat<\/strong>, s\u1ea3 g\u00f3p ph\u1ea7n t\u1ea1o n\u00ean h\u01b0\u01a1ng v\u1ecb \u0111\u1eb7c bi\u1ec7t, gi\u00fap l\u00e0m n\u1ed5i b\u1eadt m\u00f3n \u0103n.<\/p>\n<p data-start=\"1752\" data-end=\"2082\">S\u1ea3 c\u00f3 t\u00ednh kh\u00e1ng khu\u1ea9n v\u00e0 kh\u00e1ng vi\u00eam m\u1ea1nh, gi\u00fap b\u1ea3o v\u1ec7 c\u01a1 th\u1ec3 kh\u1ecfi c\u00e1c b\u1ec7nh nhi\u1ec5m tr\u00f9ng. N\u00f3 c\u0169ng c\u00f3 kh\u1ea3 n\u0103ng gi\u00fap gi\u1ea3m c\u0103ng th\u1eb3ng, l\u00e0m d\u1ecbu t\u00e2m tr\u1ea1ng, v\u00e0 h\u1ed7 tr\u1ee3 qu\u00e1 tr\u00ecnh ti\u00eau h\u00f3a. B\u00ean c\u1ea1nh \u0111\u00f3, s\u1ea3 c\u00f2n l\u00e0 m\u1ed9t nguy\u00ean li\u1ec7u t\u1ef1 nhi\u00ean gi\u00fap thanh l\u1ecdc c\u01a1 th\u1ec3, l\u00e0m s\u1ea1ch gan v\u00e0 th\u1eadn, gi\u00fap gi\u1ea3m c\u1ea3m gi\u00e1c \u0111\u1ea7y b\u1ee5ng v\u00e0 h\u1ed7 tr\u1ee3 qu\u00e1 tr\u00ecnh th\u1ea3i \u0111\u1ed9c.<\/p>\n<h3 data-start=\"2084\" data-end=\"2148\"><strong data-start=\"2088\" data-end=\"2148\">\u1edat &#8211; Gia V\u1ecb Cay N\u1ed3ng Mang L\u1ea1i Nhi\u1ec1u L\u1ee3i \u00cdch Cho S\u1ee9c Kh\u1ecfe<\/strong><\/h3>\n<p data-start=\"2150\" data-end=\"2358\">\u1edat l\u00e0 gia v\u1ecb kh\u00f4ng th\u1ec3 thi\u1ebfu trong nhi\u1ec1u m\u00f3n \u0103n, \u0111\u1eb7c bi\u1ec7t l\u00e0 trong <strong data-start=\"2217\" data-end=\"2247\">h\u1ed9p \u0111\u1ed3 chay T\u1ea3o Xo\u1eafn S\u1ea3 \u1edat<\/strong>. V\u1edbi v\u1ecb cay n\u1ed3ng, \u1edbt kh\u00f4ng ch\u1ec9 gi\u00fap t\u0103ng c\u01b0\u1eddng h\u01b0\u01a1ng v\u1ecb cho m\u00f3n \u0103n m\u00e0 c\u00f2n mang l\u1ea1i nhi\u1ec1u l\u1ee3i \u00edch cho s\u1ee9c kh\u1ecfe.<\/p>\n<p data-start=\"2360\" data-end=\"2692\">\u1edat ch\u1ee9a capsaicin, m\u1ed9t h\u1ee3p ch\u1ea5t c\u00f3 kh\u1ea3 n\u0103ng k\u00edch th\u00edch s\u1ef1 trao \u0111\u1ed5i ch\u1ea5t, gi\u00fap \u0111\u1ed1t ch\u00e1y m\u1ee1 th\u1eeba v\u00e0 t\u0103ng c\u01b0\u1eddng n\u0103ng l\u01b0\u1ee3ng cho c\u01a1 th\u1ec3. Capsaicin trong \u1edbt c\u00f2n c\u00f3 t\u00e1c d\u1ee5ng gi\u1ea3m vi\u00eam, h\u1ed7 tr\u1ee3 ti\u00eau h\u00f3a, v\u00e0 gi\u1ea3m \u0111au nh\u1ee9c. \u1edat c\u0169ng l\u00e0 m\u1ed9t ngu\u1ed3n gi\u00e0u vitamin C, gi\u00fap t\u0103ng c\u01b0\u1eddng h\u1ec7 mi\u1ec5n d\u1ecbch, b\u1ea3o v\u1ec7 c\u01a1 th\u1ec3 kh\u1ecfi c\u00e1c b\u1ec7nh l\u00fd v\u00e0 ng\u0103n ng\u1eeba l\u00e3o h\u00f3a.<\/p>\n<h3 data-start=\"2694\" data-end=\"2754\"><strong data-start=\"2698\" data-end=\"2754\">C\u00e1c Th\u00e0nh Ph\u1ea7n Kh\u00e1c Trong H\u1ed9p \u0110\u1ed3 Chay T\u1ea3o Xo\u1eafn S\u1ea3 \u1edat<\/strong><\/h3>\n<ol data-start=\"2756\" data-end=\"4223\">\n<li data-start=\"2756\" data-end=\"3088\">\n<p data-start=\"2759\" data-end=\"3088\"><strong data-start=\"2759\" data-end=\"2777\">N\u01b0\u1edbc v\u00e0 D\u1ea7u \u0102n<\/strong><br data-start=\"2777\" data-end=\"2780\" \/>D\u1ea7u \u0103n trong <strong data-start=\"2793\" data-end=\"2823\">h\u1ed9p \u0111\u1ed3 chay T\u1ea3o Xo\u1eafn S\u1ea3 \u1edat<\/strong> gi\u00fap m\u00f3n \u0103n th\u00eam \u0111\u1eadm \u0111\u00e0 v\u00e0 d\u1ec5 d\u00e0ng h\u1ea5p th\u1ee5 c\u00e1c d\u01b0\u1ee1ng ch\u1ea5t t\u1eeb c\u00e1c nguy\u00ean li\u1ec7u kh\u00e1c. D\u1ea7u \u0103n c\u0169ng cung c\u1ea5p ch\u1ea5t b\u00e9o kh\u00f4ng b\u00e3o h\u00f2a, t\u1ed1t cho s\u1ee9c kh\u1ecfe tim m\u1ea1ch. N\u01b0\u1edbc gi\u00fap t\u1ea1o n\u00ean \u0111\u1ed9 \u1ea9m c\u1ea7n thi\u1ebft cho m\u00f3n \u0103n, l\u00e0m cho c\u00e1c nguy\u00ean li\u1ec7u h\u00f2a quy\u1ec7n v\u1edbi nhau v\u00e0 d\u1ec5 d\u00e0ng ti\u00eau h\u00f3a.<\/p>\n<\/li>\n<li data-start=\"3090\" data-end=\"3380\">\n<p data-start=\"3093\" data-end=\"3380\"><strong data-start=\"3093\" data-end=\"3109\">D\u1ea7u H\u00e0o Chay<\/strong><br data-start=\"3109\" data-end=\"3112\" \/>D\u1ea7u h\u00e0o chay l\u00e0 m\u1ed9t lo\u1ea1i gia v\u1ecb \u0111\u01b0\u1ee3c ch\u1ebf bi\u1ebfn t\u1eeb c\u00e1c nguy\u00ean li\u1ec7u th\u1ef1c v\u1eadt, mang l\u1ea1i h\u01b0\u01a1ng v\u1ecb \u0111\u1eadm \u0111\u00e0, th\u01a1m ngon m\u00e0 kh\u00f4ng c\u1ea7n s\u1eed d\u1ee5ng b\u1ea5t k\u1ef3 th\u00e0nh ph\u1ea7n \u0111\u1ed9ng v\u1eadt n\u00e0o. D\u1ea7u h\u00e0o gi\u00fap t\u0103ng c\u01b0\u1eddng v\u1ecb umami c\u1ee7a m\u00f3n \u0103n, l\u00e0m cho m\u00f3n T\u1ea3o Xo\u1eafn S\u1ea3 \u1edat tr\u1edf n\u00ean \u0111\u1eb7c bi\u1ec7t v\u00e0 h\u1ea5p d\u1eabn h\u01a1n.<\/p>\n<\/li>\n<li data-start=\"3382\" data-end=\"3704\">\n<p data-start=\"3385\" data-end=\"3704\"><strong data-start=\"3385\" data-end=\"3399\">\u0110\u01b0\u1eddng Ph\u00e8n<\/strong><br data-start=\"3399\" data-end=\"3402\" \/>\u0110\u01b0\u1eddng ph\u00e8n trong <strong data-start=\"3419\" data-end=\"3449\">h\u1ed9p \u0111\u1ed3 chay T\u1ea3o Xo\u1eafn S\u1ea3 \u1edat<\/strong> kh\u00f4ng ch\u1ec9 mang l\u1ea1i v\u1ecb ng\u1ecdt thanh m\u00e0 c\u00f2n c\u00f3 t\u00e1c d\u1ee5ng thanh nhi\u1ec7t, gi\u1ea3i \u0111\u1ed9c, gi\u00fap c\u01a1 th\u1ec3 duy tr\u00ec s\u1ef1 c\u00e2n b\u1eb1ng v\u00e0 thanh t\u1ecbnh. \u0110\u01b0\u1eddng ph\u00e8n th\u01b0\u1eddng \u0111\u01b0\u1ee3c s\u1eed d\u1ee5ng trong c\u00e1c m\u00f3n \u0103n chay \u0111\u1ec3 l\u00e0m gi\u1ea3m v\u1ecb \u0111\u1eafng ho\u1eb7c cay, t\u1ea1o ra s\u1ef1 h\u00f2a quy\u1ec7n ho\u00e0n h\u1ea3o gi\u1eefa c\u00e1c th\u00e0nh ph\u1ea7n.<\/p>\n<\/li>\n<li data-start=\"3706\" data-end=\"3959\">\n<p data-start=\"3709\" data-end=\"3959\"><strong data-start=\"3709\" data-end=\"3721\">T\u01b0\u01a1ng \u1edat<\/strong><br data-start=\"3721\" data-end=\"3724\" \/>T\u01b0\u01a1ng \u1edbt l\u00e0 gia v\u1ecb kh\u00f4ng th\u1ec3 thi\u1ebfu trong m\u00f3n \u0103n n\u00e0y, gi\u00fap m\u00f3n T\u1ea3o Xo\u1eafn S\u1ea3 \u1edat th\u00eam ph\u1ea7n cay n\u1ed3ng v\u00e0 h\u1ea5p d\u1eabn. T\u01b0\u01a1ng \u1edbt c\u0169ng ch\u1ee9a c\u00e1c h\u1ee3p ch\u1ea5t ch\u1ed1ng vi\u00eam, gi\u00fap t\u0103ng c\u01b0\u1eddng kh\u1ea3 n\u0103ng ti\u00eau h\u00f3a v\u00e0 \u0111\u1ea9y m\u1ea1nh qu\u00e1 tr\u00ecnh trao \u0111\u1ed5i ch\u1ea5t trong c\u01a1 th\u1ec3.<\/p>\n<\/li>\n<li data-start=\"3961\" data-end=\"4223\">\n<p data-start=\"3964\" data-end=\"4223\"><strong data-start=\"3964\" data-end=\"3988\">H\u00e0nh T\u00edm v\u00e0 B\u1ed9t Ngh\u1ec7<\/strong><br data-start=\"3988\" data-end=\"3991\" \/>H\u00e0nh t\u00edm kh\u00f4ng ch\u1ec9 mang l\u1ea1i h\u01b0\u01a1ng v\u1ecb th\u01a1m ngon m\u00e0 c\u00f2n c\u00f3 t\u00e1c d\u1ee5ng kh\u00e1ng khu\u1ea9n, h\u1ed7 tr\u1ee3 ti\u00eau h\u00f3a v\u00e0 t\u0103ng c\u01b0\u1eddng s\u1ee9c kh\u1ecfe. B\u1ed9t ngh\u1ec7 c\u00f3 t\u00ednh kh\u00e1ng vi\u00eam, gi\u00fap l\u00e0m gi\u1ea3m c\u00e1c tri\u1ec7u ch\u1ee9ng vi\u00eam nhi\u1ec5m, \u0111\u1ed3ng th\u1eddi h\u1ed7 tr\u1ee3 s\u1ee9c kh\u1ecfe gan v\u00e0 ti\u00eau h\u00f3a.<\/p>\n<\/li>\n<\/ol>\n<p data-start=\"5879\" data-end=\"6401\" data-is-last-node=\"\" data-is-only-node=\"\"><em><strong>B\u00e1o tu\u1ed5i tr\u1ebb n\u00f3i v\u1ec1\u00a0<a href=\"https:\/\/tuoitre.vn\/dam-cuoi-doc-la-300-khach-moi-duoc-dai-tiec-chay-ai-cung-khen-ngon-20240801212258956.htm\" target=\"_blank\" rel=\"noopener\">nh\u00e0 h\u00e0ng t\u1ed5 ch\u1ee9c ti\u1ec7c c\u01b0\u1edbi chay<\/a>\u00a0ZenHouse t\u1ed5 ch\u1ee9c t\u1ea1i nh\u00e0 v\u1edbi ch\u1ee7 \u0111\u1ec1\u00a0 \u201c\u0110\u00e1m c\u01b0\u1edbi \u0111\u1ed9c l\u1ea1 300 kh\u00e1ch m\u1eddi \u0111\u01b0\u1ee3c \u0111\u00e3i ti\u1ec7c chay, ai c\u0169ng khen ngon\u201d<\/strong><\/em><\/p>\n<\/div>\n<\/div>\n<\/div>\n<\/div>\n<\/div>\n<\/div>\n<\/div>\n<\/div>\n<\/article>\n<\/div>\n<\/div>\n<\/div>\n<\/div>\n<div class=\"md:pt-0 dark:border-white\/20 md:border-transparent md:dark:border-transparent w-full isolate has-[[data-has-thread-error]]:[box-shadow:var(--sharp-edge-bottom-shadow)] has-[[data-has-thread-error]]:pt-2\">\n<div>\n<div class=\"m-auto text-base px-3 md:px-4 w-full md:px-5 lg:px-4 xl:px-5\">\n<div class=\"mx-auto flex flex-1 text-base gap-4 md:gap-5 lg:gap-6 md:max-w-3xl lg:max-w-[40rem] xl:max-w-[48rem]\">\n<form class=\"w-full\" aria-haspopup=\"dialog\" aria-expanded=\"false\" aria-controls=\"radix-:Rf69t9jaklj5:\" data-state=\"closed\">\n<div class=\"relative z-[1] flex h-full max-w-full flex-1 flex-col\">\n<div class=\"group relative z-[1] flex w-full items-center\">\n<div class=\"w-full\">\n<div id=\"composer-background\" class=\"flex w-full cursor-text flex-col rounded-3xl border border-token-border-light px-3 py-1 duration-150 ease-in-out contain-inline-size motion-safe:transition-[color,background-color,border-color,text-decoration-color,fill,stroke,box-shadow] dark:border-none dark:shadow-none shadow-[0_9px_9px_0px_rgba(0,0,0,0.01),_0_2px_5px_0px_rgba(0,0,0,0.06)] has-[:focus]:shadow-[0_2px_12px_0px_rgba(0,0,0,0.04),_0_9px_9px_0px_rgba(0,0,0,0.01),_0_2px_5px_0px_rgba(0,0,0,0.06)] bg-token-main-surface-primary dark:bg-[#303030]\">\n<div class=\"flex flex-col justify-start\">\n<div class=\"flex min-h-[44px] items-start pl-1\">\n<div class=\"w-[32px] pt-1\"><\/div>\n<\/div>\n<\/div>\n<\/div>\n<\/div>\n<\/div>\n<\/div>\n<\/form>\n<\/div>\n<\/div>\n<\/div>\n<\/div>\n","protected":false},"excerpt":{"rendered":"<p><strong>Kh\u1ed1i l\u01b0\u1ee3ng t\u1ecbnh:<\/strong> 150g<\/p>\n<p><strong>\u0110\u01a1n v\u1ecb t\u00ednh:<\/strong> H\u1ed9p<\/p>\n<p><strong>Th\u00e0nh ph\u1ea7n:<\/strong> N\u01b0\u1edbc, d\u1ea7u \u0103n, t\u1ea3o xo\u1eafn kh\u00f4 , d\u1ea7u h\u00e0o, \u0111\u01b0\u1eddng ph\u00e8n, s\u1ea3, \u1edbt, t\u01b0\u01a1ng \u1edbt, h\u00e0nh t\u00edm, b\u1ed9t ngh\u1ec7.<\/p>","protected":false},"featured_media":1460,"comment_status":"open","ping_status":"closed","template":"","meta":[],"product_brand":[],"product_cat":[37],"product_tag":[],"class_list":{"0":"post-1243","1":"product","2":"type-product","3":"status-publish","4":"has-post-thumbnail","6":"product_cat-san-pham","8":"first","9":"instock","10":"shipping-taxable","11":"purchasable","12":"product-type-simple"},"_links":{"self":[{"href":"https:\/\/zenhousevietnam.com\/en\/wp-json\/wp\/v2\/product\/1243","targetHints":{"allow":["GET"]}}],"collection":[{"href":"https:\/\/zenhousevietnam.com\/en\/wp-json\/wp\/v2\/product"}],"about":[{"href":"https:\/\/zenhousevietnam.com\/en\/wp-json\/wp\/v2\/types\/product"}],"replies":[{"embeddable":true,"href":"https:\/\/zenhousevietnam.com\/en\/wp-json\/wp\/v2\/comments?post=1243"}],"wp:featuredmedia":[{"embeddable":true,"href":"https:\/\/zenhousevietnam.com\/en\/wp-json\/wp\/v2\/media\/1460"}],"wp:attachment":[{"href":"https:\/\/zenhousevietnam.com\/en\/wp-json\/wp\/v2\/media?parent=1243"}],"wp:term":[{"taxonomy":"product_brand","embeddable":true,"href":"https:\/\/zenhousevietnam.com\/en\/wp-json\/wp\/v2\/product_brand?post=1243"},{"taxonomy":"product_cat","embeddable":true,"href":"https:\/\/zenhousevietnam.com\/en\/wp-json\/wp\/v2\/product_cat?post=1243"},{"taxonomy":"product_tag","embeddable":true,"href":"https:\/\/zenhousevietnam.com\/en\/wp-json\/wp\/v2\/product_tag?post=1243"}],"curies":[{"name":"wp","href":"https:\/\/api.w.org\/{rel}","templated":true}]}}