{"id":1242,"date":"2025-01-21T11:29:43","date_gmt":"2025-01-21T04:29:43","guid":{"rendered":"https:\/\/zenhousevietnam.com\/?post_type=product&#038;p=1242"},"modified":"2025-02-12T20:42:13","modified_gmt":"2025-02-12T13:42:13","slug":"cha-kho","status":"publish","type":"product","link":"https:\/\/zenhousevietnam.com\/en\/product\/cha-kho\/","title":{"rendered":"Ch\u1ea3 kho"},"content":{"rendered":"<p><strong>Kh\u1ed1i l\u01b0\u1ee3ng t\u1ecbnh:<\/strong> 150g<\/p>\n<p><strong>\u0110\u01a1n v\u1ecb t\u00ednh:<\/strong> H\u1ed9p<\/p>\n<p><strong>Th\u00e0nh ph\u1ea7n:<\/strong> Ch\u1ea3 l\u1ee5a t\u01b0\u01a1i, n\u1ea5m \u0111\u00f4ng c\u00f4, n\u1ea5m b\u00e0o ng\u01b0, s\u1eafn d\u00e2y, \u1edbt s\u1eebng \u0111\u1ecf, d\u1ea7u h\u01b0\u1edbng d\u01b0\u01a1ng, h\u00e0nh, b\u1ed9t n\u00eam ng\u01b0u b\u00e1ng.<\/p>","protected":false},"excerpt":{"rendered":"<p><strong>Kh\u1ed1i l\u01b0\u1ee3ng t\u1ecbnh:<\/strong> 150g<\/p>\n<p><strong>\u0110\u01a1n v\u1ecb t\u00ednh:<\/strong> H\u1ed9p<\/p>\n<p><strong>Th\u00e0nh ph\u1ea7n:<\/strong> Ch\u1ea3 l\u1ee5a t\u01b0\u01a1i, n\u1ea5m \u0111\u00f4ng c\u00f4, n\u1ea5m b\u00e0o ng\u01b0, s\u1eafn d\u00e2y, \u1edbt s\u1eebng \u0111\u1ecf, d\u1ea7u h\u01b0\u1edbng d\u01b0\u01a1ng, h\u00e0nh, b\u1ed9t n\u00eam ng\u01b0u b\u00e1ng.<\/p>","protected":false},"featured_media":1459,"comment_status":"open","ping_status":"closed","template":"","meta":[],"product_brand":[],"product_cat":[37],"product_tag":[],"class_list":{"0":"post-1242","1":"product","2":"type-product","3":"status-publish","4":"has-post-thumbnail","6":"product_cat-san-pham","8":"first","9":"instock","10":"shipping-taxable","11":"purchasable","12":"product-type-simple"},"_links":{"self":[{"href":"https:\/\/zenhousevietnam.com\/en\/wp-json\/wp\/v2\/product\/1242","targetHints":{"allow":["GET"]}}],"collection":[{"href":"https:\/\/zenhousevietnam.com\/en\/wp-json\/wp\/v2\/product"}],"about":[{"href":"https:\/\/zenhousevietnam.com\/en\/wp-json\/wp\/v2\/types\/product"}],"replies":[{"embeddable":true,"href":"https:\/\/zenhousevietnam.com\/en\/wp-json\/wp\/v2\/comments?post=1242"}],"wp:featuredmedia":[{"embeddable":true,"href":"https:\/\/zenhousevietnam.com\/en\/wp-json\/wp\/v2\/media\/1459"}],"wp:attachment":[{"href":"https:\/\/zenhousevietnam.com\/en\/wp-json\/wp\/v2\/media?parent=1242"}],"wp:term":[{"taxonomy":"product_brand","embeddable":true,"href":"https:\/\/zenhousevietnam.com\/en\/wp-json\/wp\/v2\/product_brand?post=1242"},{"taxonomy":"product_cat","embeddable":true,"href":"https:\/\/zenhousevietnam.com\/en\/wp-json\/wp\/v2\/product_cat?post=1242"},{"taxonomy":"product_tag","embeddable":true,"href":"https:\/\/zenhousevietnam.com\/en\/wp-json\/wp\/v2\/product_tag?post=1242"}],"curies":[{"name":"wp","href":"https:\/\/api.w.org\/{rel}","templated":true}]}}